{"id":1515,"date":"2016-02-12T08:10:47","date_gmt":"2016-02-12T08:10:47","guid":{"rendered":"http:\/\/demos.famethemes.com\/onepress-plus\/?page_id=21"},"modified":"2025-09-16T10:42:15","modified_gmt":"2025-09-16T10:42:15","slug":"our-achievements-2","status":"publish","type":"page","link":"https:\/\/asoteknopark.com.tr\/?page_id=1515","title":{"rendered":"G\u0130R\u0130\u015e\u0130MC\u0130Y\u0130M"},"content":{"rendered":"\r\n<p>ASO\r\nTEKNOPARK, \u00d6n kulu\u00e7ka, kulu\u00e7ka ve h\u0131zland\u0131rma programlar\u0131 ile\r\ngiri\u015fimciler i\u00e7in e\u011fitim programlar\u0131, mentorluk ve dan\u0131\u015fmanl\u0131k\r\ns\u00fcre\u00e7lerinde destek sa\u011flanmaktad\u0131r. \r\n<\/p>\r\n\r\n\r\n\r\n<p>Teknogiri\u015fim\r\nve T\u00dcB\u0130TAK 1512 Bireysel Giri\u015fimcilik A\u015famal\u0131 Destek Program\u0131\r\nkapsam\u0131nda yeni hayat bulan \u015firketlere de destek sa\u011flanarak\r\nkulu\u00e7ka evresindeki bu \u015firketlere uygun e\u011fitim, mentorluk ve\r\ndan\u0131\u015fmanl\u0131k hizmetleri ile \u015firketlerin fiziksel alan, ofis ve\r\naltyap\u0131 ihtiya\u00e7lar\u0131 uygun \u015fartlarla kar\u015f\u0131lanmaktad\u0131r.<\/p>\r\n\r\n\r\n\r\n<figure class=\"wp-block-image size-large\"><img loading=\"lazy\" decoding=\"async\" width=\"1024\" height=\"683\" src=\"http:\/\/www.asoteknopark.com.tr\/wp-content\/uploads\/2020\/02\/entrepreneur-593378_1920-1024x683.jpg\" alt=\"\" class=\"wp-image-1909\" srcset=\"https:\/\/asoteknopark.com.tr\/wp-content\/uploads\/2020\/02\/entrepreneur-593378_1920-1024x683.jpg 1024w, https:\/\/asoteknopark.com.tr\/wp-content\/uploads\/2020\/02\/entrepreneur-593378_1920-300x200.jpg 300w, https:\/\/asoteknopark.com.tr\/wp-content\/uploads\/2020\/02\/entrepreneur-593378_1920-768x512.jpg 768w, https:\/\/asoteknopark.com.tr\/wp-content\/uploads\/2020\/02\/entrepreneur-593378_1920-1536x1024.jpg 1536w, https:\/\/asoteknopark.com.tr\/wp-content\/uploads\/2020\/02\/entrepreneur-593378_1920.jpg 1920w\" sizes=\"(max-width: 1024px) 100vw, 1024px\" \/><\/figure>\r\n","protected":false},"excerpt":{"rendered":"<p>ASO TEKNOPARK, \u00d6n kulu\u00e7ka, kulu\u00e7ka ve h\u0131zland\u0131rma programlar\u0131 ile giri\u015fimciler i\u00e7in e\u011fitim programlar\u0131, mentorluk ve dan\u0131\u015fmanl\u0131k s\u00fcre\u00e7lerinde destek sa\u011flanmaktad\u0131r&#8230;<\/p>\n","protected":false},"author":1,"featured_media":2496,"parent":0,"menu_order":0,"comment_status":"closed","ping_status":"closed","template":"","meta":{"footnotes":""},"_links":{"self":[{"href":"https:\/\/asoteknopark.com.tr\/index.php?rest_route=\/wp\/v2\/pages\/1515"}],"collection":[{"href":"https:\/\/asoteknopark.com.tr\/index.php?rest_route=\/wp\/v2\/pages"}],"about":[{"href":"https:\/\/asoteknopark.com.tr\/index.php?rest_route=\/wp\/v2\/types\/page"}],"author":[{"embeddable":true,"href":"https:\/\/asoteknopark.com.tr\/index.php?rest_route=\/wp\/v2\/users\/1"}],"replies":[{"embeddable":true,"href":"https:\/\/asoteknopark.com.tr\/index.php?rest_route=%2Fwp%2Fv2%2Fcomments&post=1515"}],"version-history":[{"count":7,"href":"https:\/\/asoteknopark.com.tr\/index.php?rest_route=\/wp\/v2\/pages\/1515\/revisions"}],"predecessor-version":[{"id":1955,"href":"https:\/\/asoteknopark.com.tr\/index.php?rest_route=\/wp\/v2\/pages\/1515\/revisions\/1955"}],"wp:featuredmedia":[{"embeddable":true,"href":"https:\/\/asoteknopark.com.tr\/index.php?rest_route=\/wp\/v2\/media\/2496"}],"wp:attachment":[{"href":"https:\/\/asoteknopark.com.tr\/index.php?rest_route=%2Fwp%2Fv2%2Fmedia&parent=1515"}],"curies":[{"name":"wp","href":"https:\/\/api.w.org\/{rel}","templated":true}]}}