{"id":1516,"date":"2016-02-12T08:11:05","date_gmt":"2016-02-12T08:11:05","guid":{"rendered":"http:\/\/demos.famethemes.com\/onepress-plus\/?page_id=22"},"modified":"2025-09-16T10:42:39","modified_gmt":"2025-09-16T10:42:39","slug":"our-vision-2","status":"publish","type":"page","link":"https:\/\/asoteknopark.com.tr\/?page_id=1516","title":{"rendered":"\u00d6\u011eRENC\u0130Y\u0130M"},"content":{"rendered":"\r\n<p>ASO\r\nTEKNOPARK, yenilik\u00e7i ve teknoloji tabanl\u0131 i\u015f fikri olan\r\n\u00f6\u011frencilerin ve yeni mezunlar\u0131n fikirlerini hayata ge\u00e7irmeleri\r\ni\u00e7in uygun ortam\u0131 sa\u011flamakta ve onlara ba\u015far\u0131l\u0131 i\u015f adamlar\u0131\r\nolmalar\u0131 yolunda destek vermektedir.<\/p>\r\n\r\n\r\n\r\n<p>\u00d6n\r\nkulu\u00e7ka ve kulu\u00e7ka programlar\u0131 ile fikirlerini hayata ge\u00e7irmek\r\nisteyen gen\u00e7 giri\u015fimciler i\u00e7in e\u011fitim programlar\u0131, mentorluk ve\r\ndan\u0131\u015fmanl\u0131k destekleri de verilmektedir.<\/p>\r\n\r\n\r\n\r\n<p>B\u00f6ylece\r\n\u00fcniversite \u00f6\u011frencileri ba\u015fta olmak \u00fczere, gen\u00e7lerin\r\ngiri\u015fimcili\u011fe \u00f6zendirilerek \u00fclke \u00e7ap\u0131nda giri\u015fimcili\u011fi te\u015fvik\r\netmek ve giri\u015fimcilik k\u00fclt\u00fcr\u00fcn\u00fcn benimsetilmesi\r\nhedeflenmektedir. \r\n<\/p>\r\n\r\n\r\n\r\n<p>Gen\u00e7\r\ngiri\u015fimcilere y\u00f6nelik altyap\u0131 hizmetleri (ofis alan\u0131, internet,\r\ntoplant\u0131 ve konferans salonlar\u0131 teknik, idari ve mali dan\u0131\u015fmanl\u0131k\r\nhizmetleri, \u00fcniversite imk\u00e2nlar\u0131ndan faydalanma, Ar-Ge, inovasyon\r\nve end\u00fcstriyle uygulama projelerinin desteklenmesi hizmetleri\r\nsunulmaktad\u0131r.<\/p>\r\n\r\n\r\n\r\n<p>\u00d6\u011frenci\r\nve yeni mezunlar\u0131n, ASO TEKNOPARK firmalar\u0131nda i\u015f ba\u015fvurular\u0131nda\r\nbulunmalar\u0131 ve staj imkanlar\u0131n\u0131 ara\u015ft\u0131rmalar\u0131 i\u00e7in destek\r\nsa\u011flanmaktad\u0131r.<\/p>\r\n\r\n\r\n\r\n<figure class=\"wp-block-image size-large\"><img loading=\"lazy\" decoding=\"async\" width=\"1024\" height=\"678\" src=\"http:\/\/www.asoteknopark.com.tr\/wp-content\/uploads\/2020\/02\/entrepreneur-593362_1920-1024x678.jpg\" alt=\"\" class=\"wp-image-1911\" srcset=\"https:\/\/asoteknopark.com.tr\/wp-content\/uploads\/2020\/02\/entrepreneur-593362_1920-1024x678.jpg 1024w, https:\/\/asoteknopark.com.tr\/wp-content\/uploads\/2020\/02\/entrepreneur-593362_1920-300x199.jpg 300w, https:\/\/asoteknopark.com.tr\/wp-content\/uploads\/2020\/02\/entrepreneur-593362_1920-768x508.jpg 768w, https:\/\/asoteknopark.com.tr\/wp-content\/uploads\/2020\/02\/entrepreneur-593362_1920-1536x1017.jpg 1536w, https:\/\/asoteknopark.com.tr\/wp-content\/uploads\/2020\/02\/entrepreneur-593362_1920.jpg 1920w\" sizes=\"(max-width: 1024px) 100vw, 1024px\" \/><\/figure>\r\n\r\n\r\n\r\n<p><\/p>\r\n","protected":false},"excerpt":{"rendered":"<p>ASO TEKNOPARK, yenilik\u00e7i ve teknoloji tabanl\u0131 i\u015f fikri olan \u00f6\u011frencilerin ve yeni mezunlar\u0131n fikirlerini hayata ge\u00e7irmeleri i\u00e7in uygun ortam\u0131 sa\u011flamakta ve onlara\u2026<\/p>\n","protected":false},"author":1,"featured_media":2497,"parent":0,"menu_order":0,"comment_status":"closed","ping_status":"closed","template":"","meta":{"footnotes":""},"_links":{"self":[{"href":"https:\/\/asoteknopark.com.tr\/index.php?rest_route=\/wp\/v2\/pages\/1516"}],"collection":[{"href":"https:\/\/asoteknopark.com.tr\/index.php?rest_route=\/wp\/v2\/pages"}],"about":[{"href":"https:\/\/asoteknopark.com.tr\/index.php?rest_route=\/wp\/v2\/types\/page"}],"author":[{"embeddable":true,"href":"https:\/\/asoteknopark.com.tr\/index.php?rest_route=\/wp\/v2\/users\/1"}],"replies":[{"embeddable":true,"href":"https:\/\/asoteknopark.com.tr\/index.php?rest_route=%2Fwp%2Fv2%2Fcomments&post=1516"}],"version-history":[{"count":7,"href":"https:\/\/asoteknopark.com.tr\/index.php?rest_route=\/wp\/v2\/pages\/1516\/revisions"}],"predecessor-version":[{"id":1956,"href":"https:\/\/asoteknopark.com.tr\/index.php?rest_route=\/wp\/v2\/pages\/1516\/revisions\/1956"}],"wp:featuredmedia":[{"embeddable":true,"href":"https:\/\/asoteknopark.com.tr\/index.php?rest_route=\/wp\/v2\/media\/2497"}],"wp:attachment":[{"href":"https:\/\/asoteknopark.com.tr\/index.php?rest_route=%2Fwp%2Fv2%2Fmedia&parent=1516"}],"curies":[{"name":"wp","href":"https:\/\/api.w.org\/{rel}","templated":true}]}}