{"id":1517,"date":"2016-02-12T08:12:49","date_gmt":"2016-02-12T08:12:49","guid":{"rendered":"http:\/\/demos.famethemes.com\/onepress-plus\/?page_id=23"},"modified":"2024-03-05T18:07:47","modified_gmt":"2024-03-05T18:07:47","slug":"service-title-1-2","status":"publish","type":"page","link":"https:\/\/asoteknopark.com.tr\/?page_id=1517","title":{"rendered":"E\u011e\u0130T\u0130M H\u0130ZMETLER\u0130"},"content":{"rendered":"<p>ASO TEKNOPARK, \u00e7\u00f6z\u00fcm ortaklar\u0131 olan ODT\u00dc, ODT\u00dc TEKNOKENT, ASO S\u00fcrekli E\u011fitim Merkezi ve ASO Teknik Kolej ile birlikte geli\u015ftirilen e\u011fitim programlar\u0131 arac\u0131l\u0131\u011f\u0131 ile Teknopark firmalar\u0131n\u0131n ve \u00e7al\u0131\u015fanlar\u0131n\u0131n bilgi ve becerilerinin g\u00fcncellenmesine katk\u0131 sa\u011flamaktad\u0131r. Uygulamal\u0131 e\u011fitimler ile modern cihaz ve \u00fcretim tezgahlar\u0131n\u0131n kullan\u0131m\u0131 konusunda \u00f6nemli bilgi ve birikim transferi yap\u0131lmaktad\u0131r.  <\/p>\n","protected":false},"excerpt":{"rendered":"<p>ASO TEKNOPARK, \u00e7\u00f6z\u00fcm ortaklar\u0131 olan ODT\u00dc, ODT\u00dc TEKNOKENT, ASO S\u00fcrekli E\u011fitim Merkezi ve ASO Teknik Kolej ile birlikte geli\u015ftirilen&#8230;<\/p>\n","protected":false},"author":1,"featured_media":1913,"parent":0,"menu_order":0,"comment_status":"closed","ping_status":"closed","template":"","meta":{"footnotes":""},"_links":{"self":[{"href":"https:\/\/asoteknopark.com.tr\/index.php?rest_route=\/wp\/v2\/pages\/1517"}],"collection":[{"href":"https:\/\/asoteknopark.com.tr\/index.php?rest_route=\/wp\/v2\/pages"}],"about":[{"href":"https:\/\/asoteknopark.com.tr\/index.php?rest_route=\/wp\/v2\/types\/page"}],"author":[{"embeddable":true,"href":"https:\/\/asoteknopark.com.tr\/index.php?rest_route=\/wp\/v2\/users\/1"}],"replies":[{"embeddable":true,"href":"https:\/\/asoteknopark.com.tr\/index.php?rest_route=%2Fwp%2Fv2%2Fcomments&post=1517"}],"version-history":[{"count":1,"href":"https:\/\/asoteknopark.com.tr\/index.php?rest_route=\/wp\/v2\/pages\/1517\/revisions"}],"predecessor-version":[{"id":1832,"href":"https:\/\/asoteknopark.com.tr\/index.php?rest_route=\/wp\/v2\/pages\/1517\/revisions\/1832"}],"wp:featuredmedia":[{"embeddable":true,"href":"https:\/\/asoteknopark.com.tr\/index.php?rest_route=\/wp\/v2\/media\/1913"}],"wp:attachment":[{"href":"https:\/\/asoteknopark.com.tr\/index.php?rest_route=%2Fwp%2Fv2%2Fmedia&parent=1517"}],"curies":[{"name":"wp","href":"https:\/\/api.w.org\/{rel}","templated":true}]}}