{"id":1520,"date":"2016-02-12T08:13:33","date_gmt":"2016-02-12T08:13:33","guid":{"rendered":"http:\/\/demos.famethemes.com\/onepress-plus\/?page_id=26"},"modified":"2020-02-05T15:00:27","modified_gmt":"2020-02-05T15:00:27","slug":"service-title-4-2","status":"publish","type":"page","link":"https:\/\/asoteknopark.com.tr\/?page_id=1520","title":{"rendered":"PROTOT\u0130PLEME, TEST VE KAL\u0130TE KONTROL H\u0130ZMETLER\u0130"},"content":{"rendered":"<p>Ar-Ge \u00e7al\u0131\u015fmalar\u0131n\u0131n en \u00f6nemli a\u015famalar\u0131ndan olan prototipleme hizmetlerinde, ard\u0131ndan test ve kalite kontrol i\u015flemleri, ASO TEKNOPARK \u00e7\u00f6z\u00fcm ortaklar\u0131 taraf\u0131ndan ASO TEKNOPARK firmalar\u0131n\u0131n kullan\u0131m\u0131na imkan sa\u011flanan laboratuvar ve istasyonlar ile h\u0131zl\u0131 ve kolay yap\u0131labilmektedir.<\/p>\n","protected":false},"excerpt":{"rendered":"<p>Ar-Ge \u00e7al\u0131\u015fmalar\u0131n\u0131n en \u00f6nemli a\u015famalar\u0131ndan olan prototipleme hizmetlerinde, ard\u0131ndan test ve&#8230;<\/p>\n","protected":false},"author":1,"featured_media":1917,"parent":0,"menu_order":0,"comment_status":"closed","ping_status":"closed","template":"","meta":{"footnotes":""},"_links":{"self":[{"href":"https:\/\/asoteknopark.com.tr\/index.php?rest_route=\/wp\/v2\/pages\/1520"}],"collection":[{"href":"https:\/\/asoteknopark.com.tr\/index.php?rest_route=\/wp\/v2\/pages"}],"about":[{"href":"https:\/\/asoteknopark.com.tr\/index.php?rest_route=\/wp\/v2\/types\/page"}],"author":[{"embeddable":true,"href":"https:\/\/asoteknopark.com.tr\/index.php?rest_route=\/wp\/v2\/users\/1"}],"replies":[{"embeddable":true,"href":"https:\/\/asoteknopark.com.tr\/index.php?rest_route=%2Fwp%2Fv2%2Fcomments&post=1520"}],"version-history":[{"count":1,"href":"https:\/\/asoteknopark.com.tr\/index.php?rest_route=\/wp\/v2\/pages\/1520\/revisions"}],"predecessor-version":[{"id":1838,"href":"https:\/\/asoteknopark.com.tr\/index.php?rest_route=\/wp\/v2\/pages\/1520\/revisions\/1838"}],"wp:featuredmedia":[{"embeddable":true,"href":"https:\/\/asoteknopark.com.tr\/index.php?rest_route=\/wp\/v2\/media\/1917"}],"wp:attachment":[{"href":"https:\/\/asoteknopark.com.tr\/index.php?rest_route=%2Fwp%2Fv2%2Fmedia&parent=1520"}],"curies":[{"name":"wp","href":"https:\/\/api.w.org\/{rel}","templated":true}]}}