{"id":1523,"date":"2016-02-12T12:42:59","date_gmt":"2016-02-12T12:42:59","guid":{"rendered":"http:\/\/demos.famethemes.com\/onepress-plus\/?page_id=1207"},"modified":"2025-09-16T10:43:07","modified_gmt":"2025-09-16T10:43:07","slug":"service-title-6","status":"publish","type":"page","link":"https:\/\/asoteknopark.com.tr\/?page_id=1523","title":{"rendered":"\u00d6N VE SER\u0130 \u00dcRET\u0130M \u0130MKANLARI"},"content":{"rendered":"<p>ASO TEKNOPARK, \u00e7\u00f6z\u00fcm orta\u011f\u0131 olan ASO S\u00fcrekli E\u011fitim Merkezi ve ASO Model Fabrikada yer alan CNC tezgah ve di\u011fer bilgisayarl\u0131 \u00fcretim cihazlar\u0131 arac\u0131l\u0131\u011f\u0131 ile Ar-Ge \u00e7al\u0131\u015fmalar\u0131 sonras\u0131 imalat s\u00fcre\u00e7lerini ek yat\u0131r\u0131ma gerek duymadan, ASO\u2019nun uzman at\u00f6lye \u015fefleri e\u015fli\u011finde h\u0131zl\u0131, verimli ve ekonomik \u015fekilde yerine getirebileceklerdir.<\/p>\n","protected":false},"excerpt":{"rendered":"<p>ASO TEKNOPARK, \u00e7\u00f6z\u00fcm orta\u011f\u0131 olan ASO S\u00fcrekli E\u011fitim Merkezi ve ASO Model Fabrikada yer alan CNC&#8230;<\/p>\n","protected":false},"author":1,"featured_media":2498,"parent":0,"menu_order":0,"comment_status":"closed","ping_status":"closed","template":"","meta":{"footnotes":""},"_links":{"self":[{"href":"https:\/\/asoteknopark.com.tr\/index.php?rest_route=\/wp\/v2\/pages\/1523"}],"collection":[{"href":"https:\/\/asoteknopark.com.tr\/index.php?rest_route=\/wp\/v2\/pages"}],"about":[{"href":"https:\/\/asoteknopark.com.tr\/index.php?rest_route=\/wp\/v2\/types\/page"}],"author":[{"embeddable":true,"href":"https:\/\/asoteknopark.com.tr\/index.php?rest_route=\/wp\/v2\/users\/1"}],"replies":[{"embeddable":true,"href":"https:\/\/asoteknopark.com.tr\/index.php?rest_route=%2Fwp%2Fv2%2Fcomments&post=1523"}],"version-history":[{"count":1,"href":"https:\/\/asoteknopark.com.tr\/index.php?rest_route=\/wp\/v2\/pages\/1523\/revisions"}],"predecessor-version":[{"id":1840,"href":"https:\/\/asoteknopark.com.tr\/index.php?rest_route=\/wp\/v2\/pages\/1523\/revisions\/1840"}],"wp:featuredmedia":[{"embeddable":true,"href":"https:\/\/asoteknopark.com.tr\/index.php?rest_route=\/wp\/v2\/media\/2498"}],"wp:attachment":[{"href":"https:\/\/asoteknopark.com.tr\/index.php?rest_route=%2Fwp%2Fv2%2Fmedia&parent=1523"}],"curies":[{"name":"wp","href":"https:\/\/api.w.org\/{rel}","templated":true}]}}