{"id":1582,"date":"2019-12-16T15:23:42","date_gmt":"2019-12-16T15:23:42","guid":{"rendered":"http:\/\/www.asoteknopark.com.tr\/?page_id=1582"},"modified":"2025-07-22T07:46:39","modified_gmt":"2025-07-22T07:46:39","slug":"hakkimizda","status":"publish","type":"page","link":"https:\/\/asoteknopark.com.tr\/?page_id=1582","title":{"rendered":"HAKKIMIZDA"},"content":{"rendered":"\r\n<p style=\"color:#1c449c\" class=\"has-text-color has-medium-font-size\"><strong>ASO TEKNOPARK<\/strong><\/p>\r\n\r\n\r\n\r\n<p>Bilim ve i\u015f d\u00fcnyas\u0131n\u0131 bir araya getiren, yarat\u0131c\u0131l\u0131\u011f\u0131 art\u0131ran, bilgi toplumuna ge\u00e7i\u015fi sa\u011flayan, giri\u015fimcilerin yeti\u015ftirilece\u011fi ortamlar yaratan, b\u00f6ylece y\u00fcksek teknoloji \u00fcretilmesi yoluyla d\u0131\u015fa ba\u011f\u0131ml\u0131l\u0131\u011f\u0131n azalt\u0131lmas\u0131na ve yerli \u00fcretimin art\u0131r\u0131lmas\u0131na katk\u0131da bulunan bir yap\u0131 olmak ve d\u00fcnya standartlar\u0131nda hizmetler sunarak hedefleri ve \u00e7al\u0131\u015fma tarz\u0131yla di\u011fer teknoparklara \u00f6rnek olmak vizyonuyla yola \u00e7\u0131kan ASO TEKNOPARK, 2017 y\u0131l\u0131nda Sincan Organize Sanayi B\u00f6lgesinde a\u00e7\u0131lan Ek Alan\u0131 ile faaliyete ge\u00e7mi\u015ftir.<\/p>\r\n\r\n\r\n\r\n<p>Kurucu ortaklar\u0131 aras\u0131nda Ankara Sanayi Odas\u0131, ASO 1. ve 2. Organize Sanayi B\u00f6lgesi Y\u00f6netimleri,TOBB ETU, ODT\u00dc ve ODT\u00dc TEKNOKENT olan ASO TEKNOPARK, Ankara\u2019n\u0131n en b\u00fcy\u00fck organize sanayi b\u00f6lgesinin i\u00e7erisinde, \u00fcniversite, giri\u015fimci ve sanayi aras\u0131nda k\u00f6pr\u00fc olmaktad\u0131r.<\/p>\r\n\r\n\r\n\r\n<figure class=\"wp-block-image size-large\"><img loading=\"lazy\" decoding=\"async\" width=\"1024\" height=\"540\" src=\"http:\/\/www.asoteknopark.com.tr\/wp-content\/uploads\/2020\/02\/web-3963945_1920-1024x540.jpg\" alt=\"\" class=\"wp-image-1903\" srcset=\"https:\/\/asoteknopark.com.tr\/wp-content\/uploads\/2020\/02\/web-3963945_1920-1024x540.jpg 1024w, https:\/\/asoteknopark.com.tr\/wp-content\/uploads\/2020\/02\/web-3963945_1920-300x158.jpg 300w, https:\/\/asoteknopark.com.tr\/wp-content\/uploads\/2020\/02\/web-3963945_1920-768x405.jpg 768w, https:\/\/asoteknopark.com.tr\/wp-content\/uploads\/2020\/02\/web-3963945_1920-1536x810.jpg 1536w, https:\/\/asoteknopark.com.tr\/wp-content\/uploads\/2020\/02\/web-3963945_1920.jpg 1920w\" sizes=\"(max-width: 1024px) 100vw, 1024px\" \/><\/figure>\r\n\r\n\r\n\r\n<p>H\u0131zla\r\nartan k\u00fcresel rekabet, \u00fclkemiz firmalar\u0131n\u0131n i\u00e7inde bulunduklar\u0131\r\nyar\u0131\u015f ortam\u0131n\u0131 s\u00fcrekli k\u00f6r\u00fcklemede, yeni fikir, y\u00f6ntem ve\r\n\u00fcr\u00fcnlerin geli\u015ftirilmesi ve h\u0131zla ticarile\u015ftirilmesini gerekli\r\nk\u0131lmaktad\u0131r.<\/p>\r\n\r\n\r\n\r\n<p>Teknoparklar ile end\u00fcstrinin s\u0131k\u0131 i\u015fbirli\u011fini gerektiren bu durumun \u00e7\u00f6z\u00fcm\u00fc, teknoparklar\u0131n sanayi firmalar\u0131na  yak\u0131n \u00e7al\u0131\u015fma zorunlulu\u011fu olarak ortaya \u00e7\u0131kmaktad\u0131r.  Halen mevcut pek \u00e7ok teknopark\u0131n aksine ASO TEKNOPARK Ek Alan\u0131, Ankara\u2019n\u0131n en b\u00fcy\u00fck sanayi b\u00f6lgesi olan ASO 1. Organize Sanayi B\u00f6lgesi i\u00e7inde, end\u00fcstrinin kalbinde yer alarak, \u00fcretim sekt\u00f6r\u00fc ile giri\u015fimci firmalar\u0131n  yak\u0131n \u00e7al\u0131\u015fama imkan\u0131n\u0131 tesis etmektedir.  <\/p>\r\n\r\n\r\n\r\n<p> ASO TEKNOPARK, yerli ve milli \u00fcretimin temininde en \u00f6nemli unsurlardan olan  yeni fikir ve \u00fcr\u00fcnlerin ye\u015fermesi i\u00e7in gereken bilimsel ve end\u00fcstriyel ortam\u0131 ayn\u0131 ekosistemin i\u00e7erisinde \u00fcyesi firmalara, giri\u015fimcilere ve ara\u015ft\u0131rmac\u0131lara bir arada sunmaktad\u0131r.   <\/p>\r\n\r\n\r\n\r\n<p>B\u00fcy\u00fck \u00e7o\u011funlu\u011fu ihracata y\u00f6nelik \u00fcretim yapan toplam 300\u2019den fazla firma, Ankara\u2019n\u0131n mesleki e\u011fitimde en modern ve ba\u015far\u0131l\u0131 okullar\u0131ndan birisi olan ASO Teknik Koleji, ASO S\u00fcrekli E\u011fitim Merkezi (ASO SEM) ve uygulamal\u0131 dijital d\u00f6n\u00fc\u015f\u00fcm e\u011fitimlerinin verilmesini sa\u011flayan Model Fabrikan\u0131n da aras\u0131nda bulundu\u011fu pek \u00e7ok se\u00e7kin kurum ve kurulu\u015f ile birlikte ASO TEKNOPARK imalat sekt\u00f6r\u00fcn\u00fcn ekosistemi i\u00e7erisinde bulunmaktad\u0131r.<\/p>\r\n\r\n\r\n\r\n<p>Bu do\u011frultuda hedeflerini y\u00fcksek belirleyen ASO TEKNOPARK, Yap\u0131labilirlik Raporunda da belirtildi\u011fi \u00fczere, 458.000 m<sup>2<\/sup> kapal\u0131 alan \u00fcretilmesi ve 200.000 ki\u015fiye istihdam sa\u011flanmas\u0131n\u0131 hedefleyerek 10 y\u0131lda 400\u2019den fazla \u015firket kurulmas\u0131, 10.000\u2019in \u00fczerinde nitelikli yaz\u0131l\u0131m geli\u015ftirme ve Ar-Ge personeli istihdam edilmesini ama\u00e7lam\u0131\u015ft\u0131r.  <\/p>\r\n\r\n\r\n\r\n<p>Bu\r\nkapsamda, 10 y\u0131l i\u00e7erisinde ileri teknolojilerde 1 Milyar ABD\r\nDolar\u0131 yerli katma de\u011fer yarat\u0131lmas\u0131 ve 100 Milyon ABD Dolar\u0131n\u0131n\r\n\u00fczerinde ihracat katk\u0131s\u0131 elde edilmesi de \u00f6ng\u00f6r\u00fclm\u00fc\u015ft\u00fcr.<\/p>\r\n","protected":false},"excerpt":{"rendered":"<p>ASO TEKNOPARK Bilim ve i\u015f d\u00fcnyas\u0131n\u0131 bir araya getiren, yarat\u0131c\u0131l\u0131\u011f\u0131 art\u0131ran, bilgi toplumuna ge\u00e7i\u015fi sa\u011flayan, giri\u015fimcilerin yeti\u015ftirilece\u011fi ortamlar yaratan, b\u00f6ylece y\u00fcksek teknoloji \u00fcretilmesi yoluyla d\u0131\u015fa ba\u011f\u0131ml\u0131l\u0131\u011f\u0131n azalt\u0131lmas\u0131na ve yerli \u00fcretimin &#8230;<\/p>\n","protected":false},"author":1,"featured_media":2296,"parent":0,"menu_order":0,"comment_status":"closed","ping_status":"closed","template":"","meta":{"footnotes":""},"_links":{"self":[{"href":"https:\/\/asoteknopark.com.tr\/index.php?rest_route=\/wp\/v2\/pages\/1582"}],"collection":[{"href":"https:\/\/asoteknopark.com.tr\/index.php?rest_route=\/wp\/v2\/pages"}],"about":[{"href":"https:\/\/asoteknopark.com.tr\/index.php?rest_route=\/wp\/v2\/types\/page"}],"author":[{"embeddable":true,"href":"https:\/\/asoteknopark.com.tr\/index.php?rest_route=\/wp\/v2\/users\/1"}],"replies":[{"embeddable":true,"href":"https:\/\/asoteknopark.com.tr\/index.php?rest_route=%2Fwp%2Fv2%2Fcomments&post=1582"}],"version-history":[{"count":6,"href":"https:\/\/asoteknopark.com.tr\/index.php?rest_route=\/wp\/v2\/pages\/1582\/revisions"}],"predecessor-version":[{"id":2451,"href":"https:\/\/asoteknopark.com.tr\/index.php?rest_route=\/wp\/v2\/pages\/1582\/revisions\/2451"}],"wp:featuredmedia":[{"embeddable":true,"href":"https:\/\/asoteknopark.com.tr\/index.php?rest_route=\/wp\/v2\/media\/2296"}],"wp:attachment":[{"href":"https:\/\/asoteknopark.com.tr\/index.php?rest_route=%2Fwp%2Fv2%2Fmedia&parent=1582"}],"curies":[{"name":"wp","href":"https:\/\/api.w.org\/{rel}","templated":true}]}}