{"id":1595,"date":"2019-12-17T06:56:54","date_gmt":"2019-12-17T06:56:54","guid":{"rendered":"http:\/\/www.asoteknopark.com.tr\/?page_id=1595"},"modified":"2024-07-18T14:27:32","modified_gmt":"2024-07-18T14:27:32","slug":"katilim-kosullari","status":"publish","type":"page","link":"https:\/\/asoteknopark.com.tr\/?page_id=1595","title":{"rendered":"KATILIM KO\u015eULLARI"},"content":{"rendered":"\r\n<p class=\"has-medium-font-size\"><strong>TEKNOPARK BA\u015eVURU \u015eARTLARI<\/strong><\/p>\r\n\r\n\r\n\r\n<p>4691 say\u0131l\u0131 Teknoloji Geli\u015ftirme B\u00f6lgeleri Kanunu uyar\u0131nca ba\u015fvurular, proje bazl\u0131 kabul edilmektedir.<\/p>\r\n\r\n\r\n\r\n<p>Giri\u015fimcilik ve yenilik\u00e7ilik, ASO Teknopark\u2019ta faaliyet g\u00f6stermek isteyen firmalarda ve projelerinde aran\u0131lan \u00f6zelliklerdir.<\/p>\r\n\r\n\r\n\r\n<p>ASO Teknopark\u2019ta yer alacak firmalar\u0131n \u00fclkemizin uluslararas\u0131 arenada ekonomik ve teknolojik rekabet g\u00fcc\u00fcn\u00fc art\u0131r\u0131c\u0131 potansiyele sahip olmalar\u0131 ve bu amaca y\u00f6nelik etkin Ar-Ge ve yaz\u0131l\u0131m geli\u015ftirme \u00e7al\u0131\u015fmalar\u0131 y\u00fcr\u00fctmeleri gerekir.<\/p>\r\n\r\n\r\n\r\n<p>ASO Teknopark\u2019ta faaliyet g\u00f6stermek isteyen firmalar\u0131n \u00fcniversiteler ve ara\u015ft\u0131rma merkezleri ile i\u015fbirli\u011fi geli\u015ftirme arzusu ve \u00e7abas\u0131 i\u00e7inde olmalar\u0131 beklenir. Ayr\u0131ca ba\u015fvuran firmalar\u0131n ASO Teknopark ekosistemine entegre olabilme ve katk\u0131 sa\u011flayabilme \u00f6zellikleri de aranmaktad\u0131r.<\/p>\r\n\r\n\r\n\r\n<p>ASO Teknopark\u2019ta faaliyet g\u00f6sterecek firmalardan b\u00f6lgesel ve ulusal s\u00fcrd\u00fcr\u00fclebilir kalk\u0131nma unsurlar\u0131na katk\u0131 sa\u011flamalar\u0131 beklenir.<\/p>\r\n\r\n\r\n\r\n<p>Ba\u015fvurular <a rel=\"noreferrer noopener\" href=\"http:\/\/www.asoteknopark.com.tr\" target=\"_blank\">www.asoteknopark.com.tr<\/a> web sayfas\u0131ndaki <strong>Ba\u015fvuru>Kat\u0131l\u0131m Ko\u015fullar\u0131<\/strong> sekmesinden veya ana sayfadaki <strong>Ba\u015fvuru<\/strong> butonundan yap\u0131lmal\u0131d\u0131r.<\/p>\r\n\r\n\r\n\r\n<p>Firma, resmi ba\u015fvurusunu iletmesinin ard\u0131ndan 7-10 g\u00fcn i\u00e7erisinde ba\u015fvuru projesinin olumlu\/olumsuz de\u011ferlendirme bilgisini alacakt\u0131r. Olumlu olmas\u0131 dahilinde ise 7-10 g\u00fcn i\u00e7erisinde s\u00f6zle\u015fme imzalayacak duruma gelecektir.<\/p>\r\n\r\n\r\n\r\n<div class=\"wp-block-button\"><a class=\"wp-block-button__link\" href=\"http:\/\/portal.asoteknopark.com.tr\/Login\/ApplicationUserLogin\" target=\"_blank\" rel=\"noreferrer noopener\">BA\u015eVUR<\/a><\/div>\r\n\r\n\r\n\r\n<p><\/p>\r\n","protected":false},"excerpt":{"rendered":"<p>TEKNOPARK BA\u015eVURU \u015eARTLARI 4691 say\u0131l\u0131 Teknoloji Geli\u015ftirme B\u00f6lgeleri Kanunu uyar\u0131nca ba\u015fvurular, proje bazl\u0131 kabul edilmektedir. Giri\u015fimcilik ve yenilik\u00e7ilik, ASO Teknopark\u2019ta faaliyet g\u00f6stermek isteyen firmalarda ve projelerinde aran\u0131lan \u00f6zelliklerdir. ASO Teknopark\u2019ta &#8230;<\/p>\n","protected":false},"author":1,"featured_media":1602,"parent":0,"menu_order":0,"comment_status":"closed","ping_status":"closed","template":"","meta":{"footnotes":""},"_links":{"self":[{"href":"https:\/\/asoteknopark.com.tr\/index.php?rest_route=\/wp\/v2\/pages\/1595"}],"collection":[{"href":"https:\/\/asoteknopark.com.tr\/index.php?rest_route=\/wp\/v2\/pages"}],"about":[{"href":"https:\/\/asoteknopark.com.tr\/index.php?rest_route=\/wp\/v2\/types\/page"}],"author":[{"embeddable":true,"href":"https:\/\/asoteknopark.com.tr\/index.php?rest_route=\/wp\/v2\/users\/1"}],"replies":[{"embeddable":true,"href":"https:\/\/asoteknopark.com.tr\/index.php?rest_route=%2Fwp%2Fv2%2Fcomments&post=1595"}],"version-history":[{"count":3,"href":"https:\/\/asoteknopark.com.tr\/index.php?rest_route=\/wp\/v2\/pages\/1595\/revisions"}],"predecessor-version":[{"id":2087,"href":"https:\/\/asoteknopark.com.tr\/index.php?rest_route=\/wp\/v2\/pages\/1595\/revisions\/2087"}],"wp:featuredmedia":[{"embeddable":true,"href":"https:\/\/asoteknopark.com.tr\/index.php?rest_route=\/wp\/v2\/media\/1602"}],"wp:attachment":[{"href":"https:\/\/asoteknopark.com.tr\/index.php?rest_route=%2Fwp%2Fv2%2Fmedia&parent=1595"}],"curies":[{"name":"wp","href":"https:\/\/api.w.org\/{rel}","templated":true}]}}