{"id":1611,"date":"2019-12-17T07:58:04","date_gmt":"2019-12-17T07:58:04","guid":{"rendered":"http:\/\/www.asoteknopark.com.tr\/?page_id=1611"},"modified":"2024-07-18T14:19:56","modified_gmt":"2024-07-18T14:19:56","slug":"teknokent-nedir","status":"publish","type":"page","link":"https:\/\/asoteknopark.com.tr\/?page_id=1611","title":{"rendered":"TEKNOPARK NED\u0130R?"},"content":{"rendered":"\r\n<p style=\"color:#1c449c\" class=\"has-text-color has-medium-font-size\"><strong>Teknopark kavram\u0131 ve mevzuat hakk\u0131nda&#8230;<\/strong><\/p>\r\n\r\n\r\n\r\n<p>Teknopark; \u00fcniversitelerin, ara\u015ft\u0131rma kurumlar\u0131n\u0131n ve sanayi kurulu\u015flar\u0131n\u0131n ayn\u0131 ortam i\u00e7erisinde ara\u015ft\u0131rma, geli\u015ftirme ve inovasyon \u00e7al\u0131\u015fmalar\u0131n\u0131 s\u00fcrd\u00fcrd\u00fckleri, katma de\u011ferli \u00fcr\u00fcnler ortaya \u00e7\u0131kard\u0131klar\u0131, birbirleri aras\u0131nda bilgi ve teknoloji transferi ger\u00e7ekle\u015ftirdikleri; akademik, ekonomik ve sosyal yap\u0131n\u0131n b\u00fct\u00fcnle\u015fti\u011fi organize ara\u015ft\u0131rma ve i\u015f merkezidir.<\/p>\r\n\r\n\r\n\r\n<p>Uluslararas\u0131 Bilim Parklar\u0131 Birli\u011fi (IASP)\u2019nin tan\u0131m\u0131na g\u00f6re, Teknopark; Bir veya birden fazla \u00fcniversite veya di\u011fer y\u00fcksek\u00f6\u011fretim kurumu ve ara\u015ft\u0131rma merkezleri ile resmi veya faaliyet baz\u0131nda ili\u015fkili, b\u00fcnyesinde bilgiye ve ileri teknolojilere dayal\u0131 sanayi firmalar\u0131n\u0131n kurulup geli\u015fmesini te\u015fvik etmek \u00fczere tasarlanm\u0131\u015f, i\u00e7inde yer alan kirac\u0131 firmalara, teknoloji transferi ve i\u015f idaresi konular\u0131nda destek sa\u011flayacak bir y\u00f6netim fonksiyonuna sahip, te\u015fvik ve m\u00fclkiyete dayal\u0131 bir te\u015febb\u00fcst\u00fcr.<\/p>\r\n\r\n\r\n\r\n<p>Teknopark kavram\u0131 daha \u00e7ok Fransa\u2019da kullan\u0131l\u0131rken, ABD\u2019de \u2018Ara\u015ft\u0131rma Park\u0131\u2019, \u0130ngiltere\u2019de \u2018Bilim Park\u0131\u2019, Uzakdo\u011fu\u2019da ise daha \u00e7ok \u2018Bilim Kenti\u2019 veya \u2018Teknoloji Kenti\u2019 kavramlar\u0131 kullan\u0131lmaktad\u0131r. 4691 Teknoloji Geli\u015ftirme B\u00f6lgeleri Yasas\u0131nda ise \u201cTeknoloji Geli\u015ftirme B\u00f6lgesi\u201d \u015feklinde tek bir kavram kullan\u0131lmaktad\u0131r.<\/p>\r\n\r\n\r\n\r\n<p style=\"color:#1c449c\" class=\"has-text-color has-medium-font-size\"><strong>4691 Say\u0131l\u0131 Kanuna G\u00f6re Teknoloji Geli\u015ftirme B\u00f6lgesi Nedir?<\/strong><\/p>\r\n\r\n\r\n\r\n<p>Teknoloji Geli\u015ftirme B\u00f6lgesi, y\u00fcksek\/ileri teknoloji kullanan ya da yeni teknolojilere y\u00f6nelik firmalar\u0131n, belirli bir \u00fcniversite veya y\u00fcksek teknoloji enstit\u00fcs\u00fc ya da AR-GE merkez veya enstit\u00fcs\u00fcn\u00fcn olanaklar\u0131ndan yararlanarak teknoloji veya yaz\u0131l\u0131m \u00fcrettikleri\/geli\u015ftirdikleri, teknolojik bir bulu\u015fu ticari bir \u00fcr\u00fcn, y\u00f6ntem veya hizmet haline d\u00f6n\u00fc\u015ft\u00fcrmek i\u00e7in faaliyet g\u00f6sterdikleri ve bu yolla b\u00f6lgenin kalk\u0131nmas\u0131na katk\u0131da bulunduklar\u0131, ayn\u0131 \u00fcniversite, y\u00fcksek teknoloji enstit\u00fcs\u00fc ya da AR-GE merkez veya enstit\u00fcs\u00fc alan\u0131 i\u00e7inde veya yak\u0131n\u0131nda; akademik, ekonomik ve sosyal yap\u0131n\u0131n b\u00fct\u00fcnle\u015fti\u011fi siteyi veya bu \u00f6zelliklere sahip teknopark\u0131 temsil eder.<\/p>\r\n\r\n\r\n\r\n<p>Teknoloji Geli\u015ftirme B\u00f6lgelerinin amac\u0131; \u00fcniversiteler, ara\u015ft\u0131rma kurum ve kurulu\u015flar\u0131 ile \u00fcretim sekt\u00f6rlerinin i\u015fbirli\u011fi sa\u011flanarak, \u00fclke sanayiinin uluslararas\u0131 rekabet edebilir ve ihracata y\u00f6nelik bir yap\u0131ya kavu\u015fturulmas\u0131 maksad\u0131yla teknolojik bilgi \u00fcretmek, \u00fcr\u00fcnde ve \u00fcretim y\u00f6ntemlerinde yenilik geli\u015ftirmek, \u00fcr\u00fcn kalitesini veya standard\u0131n\u0131 y\u00fckseltmek, verimlili\u011fi art\u0131rmak, \u00fcretim maliyetlerini d\u00fc\u015f\u00fcrmek, teknolojik bilgiyi ticarile\u015ftirmek, teknoloji yo\u011fun \u00fcretim ve giri\u015fimcili\u011fi desteklemek, k\u00fc\u00e7\u00fck ve orta \u00f6l\u00e7ekli i\u015fletmelerin yeni ve ileri teknolojilere uyumunu sa\u011flamak, Bilim ve Teknoloji Y\u00fcksek Kurulunun kararlar\u0131n\u0131 da dikkate alarak teknoloji yo\u011fun alanlarda yat\u0131r\u0131m olanaklar\u0131 yaratmak, ara\u015ft\u0131rmac\u0131 ve vas\u0131fl\u0131 ki\u015filere i\u015f imk\u00e2n\u0131 yaratmak, teknoloji transferine yard\u0131mc\u0131 olmak ve y\u00fcksek\/ileri teknoloji sa\u011flayacak yabanc\u0131 sermayenin \u00fclkeye giri\u015fini h\u0131zland\u0131racak teknolojik alt yap\u0131y\u0131 sa\u011flamakt\u0131r.<\/p>\r\n","protected":false},"excerpt":{"rendered":"<p>Teknopark kavram\u0131 ve mevzuat hakk\u0131nda&#8230; Teknopark; \u00fcniversitelerin, ara\u015ft\u0131rma kurumlar\u0131n\u0131n ve sanayi kurulu\u015flar\u0131n\u0131n ayn\u0131 ortam i\u00e7erisinde ara\u015ft\u0131rma, geli\u015ftirme ve inovasyon \u00e7al\u0131\u015fmalar\u0131n\u0131 s\u00fcrd\u00fcrd\u00fckleri, katma de\u011ferli \u00fcr\u00fcnler ortaya \u00e7\u0131kard\u0131klar\u0131, birbirleri aras\u0131nda bilgi ve &#8230;<\/p>\n","protected":false},"author":1,"featured_media":1612,"parent":0,"menu_order":0,"comment_status":"closed","ping_status":"closed","template":"","meta":{"footnotes":""},"_links":{"self":[{"href":"https:\/\/asoteknopark.com.tr\/index.php?rest_route=\/wp\/v2\/pages\/1611"}],"collection":[{"href":"https:\/\/asoteknopark.com.tr\/index.php?rest_route=\/wp\/v2\/pages"}],"about":[{"href":"https:\/\/asoteknopark.com.tr\/index.php?rest_route=\/wp\/v2\/types\/page"}],"author":[{"embeddable":true,"href":"https:\/\/asoteknopark.com.tr\/index.php?rest_route=\/wp\/v2\/users\/1"}],"replies":[{"embeddable":true,"href":"https:\/\/asoteknopark.com.tr\/index.php?rest_route=%2Fwp%2Fv2%2Fcomments&post=1611"}],"version-history":[{"count":6,"href":"https:\/\/asoteknopark.com.tr\/index.php?rest_route=\/wp\/v2\/pages\/1611\/revisions"}],"predecessor-version":[{"id":2083,"href":"https:\/\/asoteknopark.com.tr\/index.php?rest_route=\/wp\/v2\/pages\/1611\/revisions\/2083"}],"wp:featuredmedia":[{"embeddable":true,"href":"https:\/\/asoteknopark.com.tr\/index.php?rest_route=\/wp\/v2\/media\/1612"}],"wp:attachment":[{"href":"https:\/\/asoteknopark.com.tr\/index.php?rest_route=%2Fwp%2Fv2%2Fmedia&parent=1611"}],"curies":[{"name":"wp","href":"https:\/\/api.w.org\/{rel}","templated":true}]}}