{"id":1632,"date":"2019-12-17T09:26:22","date_gmt":"2019-12-17T09:26:22","guid":{"rendered":"http:\/\/www.asoteknopark.com.tr\/?page_id=1632"},"modified":"2020-02-10T11:13:35","modified_gmt":"2020-02-10T11:13:35","slug":"mevzuat","status":"publish","type":"page","link":"https:\/\/asoteknopark.com.tr\/?page_id=1632","title":{"rendered":"TE\u015eV\u0130K VE DESTEKLER"},"content":{"rendered":"\n<div class=\"wp-block-pb-accordion-item c-accordion__item js-accordion-item no-js\" data-initially-open=\"false\" data-click-to-close=\"true\" data-auto-close=\"true\" data-scroll=\"false\" data-scroll-offset=\"100\"><h4 id=\"at-0\" class=\"c-accordion__title js-accordion-controller\" tabindex=\"0\" role=\"button\" aria-controls=\"ac-0\"> 4691 say\u0131l\u0131 Teknoloji Geli\u015ftirme B\u00f6lgeleri Kanunu <\/h4><div id=\"ac-0\" class=\"c-accordion__content\" style=\"display:none\">\n<p>26.6.2011 tarih ve 4691 say\u0131l\u0131 Teknoloji Geli\u015ftirme B\u00f6lgeleri Kanunu, 02.03.2011 tarihli 6170 say\u0131l\u0131 kanun ile yeniden d\u00fczenlenmi\u015ftir.<\/p>\n\n\n\n<p><strong>Teknoloji Geli\u015ftirme B\u00f6lgeleri Kanunu<\/strong><\/p>\n\n\n\n<p>Kanun No. 4691 \/ Kabul Tarihi: 02.03.2011<\/p>\n\n\n\n<p>MADDE 1 \u2212 26\/6\/2001 tarihli ve 4691 say\u0131l\u0131 Teknoloji Geli\u015ftirme B\u00f6lgeleri Kanununun 3 \u00fcnc\u00fc maddesinin (c),(g), (j) ve (l) bentleri a\u015fa\u011f\u0131daki \u015fekilde de\u011fi\u015ftirilmi\u015f ve maddeye a\u015fa\u011f\u0131daki bentler eklenmi\u015ftir.<\/p>\n\n\n\n<p>c) Ara\u015ft\u0131rma ve Geli\u015ftirme (AR-GE): Ara\u015ft\u0131rma ve geli\u015ftirme, k\u00fclt\u00fcr, insan ve toplumun bilgisinden olu\u015fan bilgi da\u011farc\u0131\u011f\u0131n\u0131n art\u0131r\u0131lmas\u0131 ve bunun yaz\u0131l\u0131m dahil yeni s\u00fcre\u00e7, sistem ve uygulamalar tasarlamak \u00fczere kullan\u0131lmas\u0131 i\u00e7in sistematik bir temelde y\u00fcr\u00fct\u00fclen yarat\u0131c\u0131 \u00e7al\u0131\u015fmalar\u0131,\u201d<\/p>\n\n\n\n<p>g) Yenilik: Sosyal ve ekonomik ihtiya\u00e7lara cevap verebilen mevcut pazarlara ba\u015far\u0131 ile sunulabilecek ya da yeni pazarlar yaratabilecek; yeni bir \u00fcr\u00fcn ya da mal, hizmet, uygulama, y\u00f6ntem veya i\u015f modeli fikri ile olu\u015fturulan s\u00fcre\u00e7leri ve s\u00fcre\u00e7lerin neticelerini,\u201d<\/p>\n\n\n\n<p>j) Kurucu Heyet: B\u00f6lgenin i\u00e7inde veya bulundu\u011fu ilde yer alan en az bir \u00fcniversite veya ileri teknoloji enstit\u00fcs\u00fc ya da kamu AR-GE merkez veya enstit\u00fcs\u00fc ve di\u011fer kurulu\u015f temsilcilerinden olu\u015fan, B\u00f6lge y\u00f6netici \u015firketi kurulu\u015funa kadar ge\u00e7en s\u00fcre\u00e7te ilgili kurum ve kurulu\u015flar nezdinde B\u00f6lgenin kurulmas\u0131 ile ilgili t\u00fcm i\u015f ve i\u015flemlerden sorumlu heyeti,\u201d<\/p>\n\n\n\n<p>l) Yaz\u0131l\u0131m: Bir bilgisayar, ileti\u015fim cihaz\u0131 veya bilgi teknolojilerine dayal\u0131 bir di\u011fer cihaz\u0131n \u00e7al\u0131\u015fmas\u0131n\u0131 ve kendisine verilen verilerle ilgili gereken i\u015flemleri yapmas\u0131n\u0131 sa\u011flayan komutlar dizisinin veya programlar\u0131n ve bunlar\u0131n kod listesini, i\u015fletim ve kullan\u0131m k\u0131lavuzlar\u0131n\u0131 da i\u00e7eren belgelerin, belli bir sistematik i\u00e7inde, tasarlama, geli\u015ftirme \u015feklindeki \u00fcr\u00fcn ve hizmetlerin t\u00fcm\u00fc ile bu \u00fcr\u00fcn ya da mal ve hizmetlerin lisanslama, kiralama ve t\u00fcm haklar\u0131 ile devretme gibi teslim \u015fekillerinin t\u00fcm\u00fcn\u00fc,\u201d<\/p>\n\n\n\n<p>4691 Say\u0131l\u0131 TGB Kanununda De\u011fi\u015fiklik Yap\u0131lmas\u0131na Dair Kanun\u2019a (02.03.2011\/6170)&nbsp;<a href=\"http:\/\/odtuteknokent.com.tr\/uploads\/editor\/files\/Teknoloji_Gelistirme_Bolgeleri_Kanunu.pdf\" target=\"_blank\" rel=\"noreferrer noopener\">buradan<\/a>&nbsp;ula\u015fabilirsiniz.<\/p>\n<\/div><\/div>\n\n\n\n<div class=\"wp-block-pb-accordion-item c-accordion__item js-accordion-item no-js\" data-initially-open=\"false\" data-click-to-close=\"true\" data-auto-close=\"true\" data-scroll=\"false\" data-scroll-offset=\"0\"><h4 id=\"at-1\" class=\"c-accordion__title js-accordion-controller\" tabindex=\"0\" role=\"button\" aria-controls=\"ac-1\"> Kurumlar Vergisi Genel Tebli\u011fi (Seri No: 1)\u2019nde De\u011fi\u015fiklik Yap\u0131lmas\u0131na Dair Tebli\u011f (Seri No: 16) <\/h4><div id=\"ac-1\" class=\"c-accordion__content\" style=\"display:none\">\n<p>Maliye Bakanl\u0131\u011f\u0131 (Gelir \u0130daresi Ba\u015fkanl\u0131\u011f\u0131&#8217;ndan):<\/p>\n\n\n\n<p><strong>KURUMLAR VERG\u0130S\u0130 GENEL TEBL\u0130\u011e\u0130 (SER\u0130 NO: 1)&#8217;NDE&nbsp;DE\u011e\u0130\u015e\u0130KL\u0130K YAPILMASINA DA\u0130R TEBL\u0130\u011e (SER\u0130 NO: 16)<\/strong><\/p>\n\n\n\n<p>Bu tebli\u011fde, 6676 Say\u0131l\u0131 Kanunun 14 \u00fcnc\u00fc maddesi ve 7033 say\u0131l\u0131 Kanunun 64 \u00fcnc\u00fc maddesiyle 4691 say\u0131l\u0131 Teknoloji Geli\u015ftirme B\u00f6lgeleri Kanununda yap\u0131lan de\u011fi\u015fiklikler ile 6772 say\u0131l\u0131 Kanunun 7 inci maddesiyle 3218 say\u0131l\u0131 Serbest B\u00f6lgeler Kanunun ge\u00e7ici 3 \u00fcnc\u00fc maddesinin ikinci f\u0131kras\u0131n\u0131n (a) bendine eklenen ibarelere ili\u015fkin a\u00e7\u0131klamlara yer verilmi\u015f olup, 1 seri no.lu Kurumlar Vergisi Genel Tebli\u011finde ilgili b\u00f6l\u00fcmler itibar\u0131yla a\u015fa\u011f\u0131daki de\u011fi\u015fiklikler yap\u0131lm\u0131\u015ft\u0131r.&nbsp;<\/p>\n\n\n\n<p>MADDE 1 &#8211; 3\/4\/2007 tarihli ve 26482 say\u0131l\u0131 Resmi Gazete&#8217;de yay\u0131mlanan Kurumlar Vergisi Genel Tebli\u011fi (Seri No: 1)&#8217;nin &#8220;5.12.2.1 Yasal d\u00fczenleme&#8221; ba\u015fl\u0131kl\u0131 b\u00f6l\u00fcm\u00fc de\u011fi\u015ftirilmi\u015ftir.&nbsp;<\/p>\n\n\n\n<p>MADDE 2 &#8211; Ayn\u0131 tebli\u011fin &#8220;5.12.2.2 Yaz\u0131l\u0131m ve Ar-Ge faaliyetlerinden elde edilen kazan\u00e7larda kurumlar vergisi&nbsp;istisnas\u0131n\u0131n kapsam\u0131&#8221; b\u00f6l\u00fcm ba\u015fl\u0131\u011f\u0131ndaki &#8220;Yaz\u0131l\u0131m&#8221; ve s\u00f6z konusu b\u00f6l\u00fcm\u00fcn birinci ve ikinci paragraflar\u0131nda ge\u00e7en &#8220;yaz\u0131l\u0131m&#8221; ibarelerinden sonra gelmek \u00fczere, &#8220;tasar\u0131m&#8221; ibaresi eklenmi\u015f ve ayn\u0131 b\u00f6l\u00fcm\u00fcn \u00fc\u00e7\u00fcnc\u00fc paragraf\u0131 de\u011fi\u015ftirilmi\u015ftir.&nbsp;<\/p>\n\n\n\n<p>MADDE 3 &#8211; Ayn\u0131 tebli\u011fin &#8220;5.12.2.2.1 \u0130stisna kapsam\u0131na giren faaliyetler&#8221; ba\u015fl\u0131kl\u0131 b\u00f6l\u00fcm\u00fcn\u00fcn sonuna ekleme yap\u0131lm\u0131\u015ft\u0131r.<\/p>\n\n\n\n<p>Kurumlar&nbsp;Vergisi&nbsp;Genel&nbsp;Tebli\u011fi&nbsp;(Seri&nbsp;No:1)&#8217;nde&nbsp;De\u011fi\u015fiklik&nbsp;Yap\u0131lmas\u0131na&nbsp;Dair&nbsp;Tebli\u011f&nbsp;(Seri&nbsp;No: 16)&#8217;ne&nbsp;<a href=\"http:\/\/odtuteknokent.com.tr\/uploads\/editor\/files\/Teblig_12.06.2018.pdf\">buradan<\/a>&nbsp;ula\u015fabilirsiniz.&nbsp;<\/p>\n<\/div><\/div>\n\n\n\n<div class=\"wp-block-pb-accordion-item c-accordion__item js-accordion-item no-js\" data-initially-open=\"false\" data-click-to-close=\"true\" data-auto-close=\"true\" data-scroll=\"false\" data-scroll-offset=\"0\"><h4 id=\"at-2\" class=\"c-accordion__title js-accordion-controller\" tabindex=\"0\" role=\"button\" aria-controls=\"ac-2\"> Teknoloji Geli\u015ftirme B\u00f6lgeleri Uygulama Y\u00f6netmeli\u011fi <\/h4><div id=\"ac-2\" class=\"c-accordion__content\" style=\"display:none\">\n<p>22 \u015eubat 2018 \u2013 Say\u0131 : 30340&nbsp;RESM\u0130 GAZETE<\/p>\n\n\n\n<p>Ama\u00e7, Kapsam, Dayanak, Tan\u0131mlar ve K\u0131saltmalar<\/p>\n\n\n\n<p><strong>Ama\u00e7<\/strong><\/p>\n\n\n\n<p>MADDE 1 \u2013 (1) Bu Y\u00f6netmeli\u011fin amac\u0131; teknoloji geli\u015ftirme b\u00f6lgelerinin kurulu\u015fu, i\u015fleyi\u015fi, y\u00f6netim ve denetimi ve bunlarla ilgili ki\u015fi ve kurulu\u015flar\u0131n g\u00f6rev, yetki ve sorumluluklar\u0131 ile 26\/6\/2001 tarihli ve 4691 say\u0131l\u0131 Teknoloji Geli\u015ftirme B\u00f6lgeleri Kanununun uygulanmas\u0131na ili\u015fkin di\u011fer usul ve esaslar\u0131 d\u00fczenlemektir.<\/p>\n\n\n\n<p><strong>Kapsam<\/strong><\/p>\n\n\n\n<p>MADDE 2 \u2013 (1) Bu Y\u00f6netmelik; teknoloji geli\u015ftirme b\u00f6lgelerinin kurulu\u015fu, i\u015fleyi\u015fi, y\u00f6netim ve denetimi ve bunlarla ilgili ki\u015fi ve kurulu\u015flar\u0131n g\u00f6rev, yetki ve sorumluluklar\u0131 ile 4691 say\u0131l\u0131 Teknoloji Geli\u015ftirme B\u00f6lgeleri Kanununun uygulanmas\u0131na ili\u015fkin di\u011fer usul ve esaslar\u0131 kapsar.<\/p>\n\n\n\n<p>(2) 4691 say\u0131l\u0131 Teknoloji Geli\u015ftirme B\u00f6lgeleri Kanunu kapsam\u0131na giren b\u00f6lgelerdeki faaliyetlerde; 10\/12\/2003 tarihli ve 5018 say\u0131l\u0131 Kamu Mal\u00ee Y\u00f6netimi ve Kontrol Kanunu, 3\/12\/2010 tarihli ve 6085 say\u0131l\u0131 Say\u0131\u015ftay Kanunu, 8\/9\/1983 tarihli ve 2886 say\u0131l\u0131 Devlet \u0130hale Kanunu ile 4\/1\/2002 tarihli ve 4734 say\u0131l\u0131 Kamu \u0130hale Kanunu h\u00fck\u00fcmleri uygulanmaz.<\/p>\n\n\n\n<p><strong>Dayanak<\/strong><\/p>\n\n\n\n<p>MADDE 3 \u2013 (1) Bu Y\u00f6netmelik, 4691 say\u0131l\u0131 Kanunun 4, 5, 8, 9 ve ge\u00e7ici 2 nci maddeleri ile 3\/6\/2011 tarihli ve 635 say\u0131l\u0131 Bilim, Sanayi ve Teknoloji Bakanl\u0131\u011f\u0131n\u0131n Te\u015fkilat ve G\u00f6revleri Hakk\u0131nda Kanun H\u00fckm\u00fcnde Kararnamenin 27 nci maddesi uyar\u0131nca haz\u0131rlanm\u0131\u015ft\u0131r.<\/p>\n\n\n\n<p>Teknoloji Geli\u015ftirme B\u00f6lgeleri Uygulama Y\u00f6netmeli\u011fi\u2019ne&nbsp;<a href=\"http:\/\/odtuteknokent.com.tr\/uploads\/editor\/files\/_TGB_Uygulama_Yonetmeliginde_Degisiklik_Yapilmasina_Dair_Yonetmelik%281%29.pdf\" target=\"_blank\" rel=\"noreferrer noopener\">buradan<\/a>&nbsp;ula\u015fabilirsiniz.<\/p>\n<\/div><\/div>\n\n\n\n<div class=\"wp-block-pb-accordion-item c-accordion__item js-accordion-item no-js\" data-initially-open=\"false\" data-click-to-close=\"true\" data-auto-close=\"true\" data-scroll=\"false\" data-scroll-offset=\"0\"><h4 id=\"at-3\" class=\"c-accordion__title js-accordion-controller\" tabindex=\"0\" role=\"button\" aria-controls=\"ac-3\"> Di\u011fer Mevzuat <\/h4><div id=\"ac-3\" class=\"c-accordion__content\" style=\"display:none\">\n<p>5746 no&#8217;lu Ara\u015ft\u0131rma ve Geli\u015ftirme Faaliyetlerinin Desteklenmesi hakk\u0131nda Kanun\u2019a&nbsp;<a rel=\"noreferrer noopener\" href=\"http:\/\/odtuteknokent.com.tr\/download\/tesvik_ve_destekler\/diger_mevzuat\/5746_arastirma_ve_gelistirme_faaliyetlerinin_desteklenmesi_hk.kanun.pdf\" target=\"_blank\">buradan<\/a>&nbsp;ula\u015fabilirsiniz.<\/p>\n\n\n\n<p>5035 no&#8217;lu Baz\u0131 Kanunlarda De\u011fi\u015fiklik Yap\u0131lmas\u0131 hakk\u0131nda Kanun\u2019a&nbsp;<a rel=\"noreferrer noopener\" href=\"http:\/\/odtuteknokent.com.tr\/download\/tesvik_ve_destekler\/diger_mevzuat\/5035_nolu_bazi_kanunlarda_degisiklik_yapilmasi_hakkinda_kanun.pdf\" target=\"_blank\">buradan<\/a>&nbsp;ula\u015fabilirsiniz.<\/p>\n\n\n\n<p>Kurumlar Vergisi 1 no&#8217;lu sirk\u00fcler\u2019e&nbsp;<a rel=\"noreferrer noopener\" href=\"http:\/\/odtuteknokent.com.tr\/download\/tesvik_ve_destekler\/diger_mevzuat\/kurumlar_vergisi_1nolu_sirkuler.pdf\" target=\"_blank\">buradan<\/a>&nbsp;ula\u015fabilirsiniz.<\/p>\n\n\n\n<p>Kurumlar Vergisi 6 no&#8217;lu sirk\u00fcler\u2019e&nbsp;<a rel=\"noreferrer noopener\" href=\"http:\/\/odtuteknokent.com.tr\/download\/tesvik_ve_destekler\/diger_mevzuat\/kurumlar_vergisi_6nolu_sirkuler.pdf\" target=\"_blank\">buradan<\/a>&nbsp;ula\u015fabilirsiniz.<\/p>\n\n\n\n<p>Kurumlar Vergisi Genel Tebli\u011f (seri no:7)\u2019ne&nbsp;<a href=\"http:\/\/odtuteknokent.com.tr\/download\/tesvik_ve_destekler\/diger_mevzuat\/kurumlar_vergisi_genel_tebligi_no_7.pdf\" target=\"_blank\" rel=\"noreferrer noopener\">buradan<\/a>&nbsp;ula\u015fabilirsiniz.<\/p>\n\n\n\n<p>86 no&#8217;lu Genel Tebli\u011f\u2019e&nbsp;<a rel=\"noreferrer noopener\" href=\"http:\/\/odtuteknokent.com.tr\/download\/tesvik_ve_destekler\/diger_mevzuat\/86nolu_genel_teblig.pdf\" target=\"_blank\">buradan<\/a>&nbsp;ula\u015fabilirsiniz.<\/p>\n<\/div><\/div>\n\n\n\n<div class=\"wp-block-pb-accordion-item c-accordion__item js-accordion-item no-js\" data-initially-open=\"false\" data-click-to-close=\"true\" data-auto-close=\"true\" data-scroll=\"false\" data-scroll-offset=\"0\"><h4 id=\"at-4\" class=\"c-accordion__title js-accordion-controller\" tabindex=\"0\" role=\"button\" aria-controls=\"ac-4\"> T\u00dcB\u0130TAK Destekleri <\/h4><div id=\"ac-4\" class=\"c-accordion__content\" style=\"display:none\">\n<p><a rel=\"noreferrer noopener\" aria-label=\" (yeni sekmede a\u00e7\u0131l\u0131r)\" href=\"https:\/\/www.tubitak.gov.tr\/\" target=\"_blank\">T\u00dcB\u0130TAK<\/a><\/p>\n<\/div><\/div>\n\n\n\n<div class=\"wp-block-pb-accordion-item c-accordion__item js-accordion-item no-js\" data-initially-open=\"false\" data-click-to-close=\"true\" data-auto-close=\"true\" data-scroll=\"false\" data-scroll-offset=\"0\"><h4 id=\"at-5\" class=\"c-accordion__title js-accordion-controller\" tabindex=\"0\" role=\"button\" aria-controls=\"ac-5\"> KOSGEB Destekleri <\/h4><div id=\"ac-5\" class=\"c-accordion__content\" style=\"display:none\">\n<p><a href=\"https:\/\/www.kosgeb.gov.tr\/\" target=\"_blank\" rel=\"noreferrer noopener\" aria-label=\" (yeni sekmede a\u00e7\u0131l\u0131r)\">KOSGEB<\/a><\/p>\n<\/div><\/div>\n","protected":false},"excerpt":{"rendered":"","protected":false},"author":1,"featured_media":1636,"parent":0,"menu_order":0,"comment_status":"closed","ping_status":"closed","template":"","meta":{"footnotes":""},"_links":{"self":[{"href":"https:\/\/asoteknopark.com.tr\/index.php?rest_route=\/wp\/v2\/pages\/1632"}],"collection":[{"href":"https:\/\/asoteknopark.com.tr\/index.php?rest_route=\/wp\/v2\/pages"}],"about":[{"href":"https:\/\/asoteknopark.com.tr\/index.php?rest_route=\/wp\/v2\/types\/page"}],"author":[{"embeddable":true,"href":"https:\/\/asoteknopark.com.tr\/index.php?rest_route=\/wp\/v2\/users\/1"}],"replies":[{"embeddable":true,"href":"https:\/\/asoteknopark.com.tr\/index.php?rest_route=%2Fwp%2Fv2%2Fcomments&post=1632"}],"version-history":[{"count":4,"href":"https:\/\/asoteknopark.com.tr\/index.php?rest_route=\/wp\/v2\/pages\/1632\/revisions"}],"predecessor-version":[{"id":1952,"href":"https:\/\/asoteknopark.com.tr\/index.php?rest_route=\/wp\/v2\/pages\/1632\/revisions\/1952"}],"wp:featuredmedia":[{"embeddable":true,"href":"https:\/\/asoteknopark.com.tr\/index.php?rest_route=\/wp\/v2\/media\/1636"}],"wp:attachment":[{"href":"https:\/\/asoteknopark.com.tr\/index.php?rest_route=%2Fwp%2Fv2%2Fmedia&parent=1632"}],"curies":[{"name":"wp","href":"https:\/\/api.w.org\/{rel}","templated":true}]}}