{"id":17,"date":"2016-02-12T08:09:36","date_gmt":"2016-02-12T08:09:36","guid":{"rendered":"http:\/\/demos.famethemes.com\/onepress-plus\/?page_id=17"},"modified":"2025-09-16T10:41:45","modified_gmt":"2025-09-16T10:41:45","slug":"our-history-2","status":"publish","type":"page","link":"https:\/\/asoteknopark.com.tr\/?page_id=17","title":{"rendered":"F\u0130RMAYIM"},"content":{"rendered":"\r\n<p>4691\r\nsay\u0131l\u0131 yasa kapsam\u0131nda Teknoloji Geli\u015ftirme B\u00f6lgelerinde yer\r\nalmak isteyen firmalar, ASO TEKNOPARK\u2019a ba\u015fvurabilirler. ASO\r\nTEKNOPARK\u2019da yer almak isteyen firmalara, teknopark\r\nyap\u0131s\u0131, ba\u015fvuru s\u00fcre\u00e7leri, TGB yasas\u0131, sunulan altyap\u0131 ve\r\n\u00fcstyap\u0131 hizmetleri gibi konularda bilgi sa\u011flanmakta,\r\n\u00fcniversite-sanayi i\u015f birli\u011finin geli\u015ftirilmesi i\u00e7in y\u00f6ntemler,\r\nara\u00e7lar, yap\u0131lar \u00f6nerilmekte, ortak \u00e7al\u0131\u015fma platformlar\u0131nda\r\nyer almas\u0131 sa\u011flanmaktad\u0131r. \r\n<\/p>\r\n\r\n\r\n\r\n<p>Ayr\u0131ca,\r\nASO TEKNOPARK firmalar\u0131n\u0131n uluslararas\u0131 ba\u015far\u0131 kazanmas\u0131na, i\u015f\r\nbirlikleri geli\u015ftirmesine ve yurtd\u0131\u015f\u0131na a\u00e7\u0131lmas\u0131na destek\r\nolmak amac\u0131yla programlar geli\u015ftirilmekte, k\u00fcmelenme \u00e7al\u0131\u015fmalar\u0131\r\ni\u00e7in altyap\u0131 haz\u0131rlanmas\u0131; k\u00fcmelenme faaliyetlerinin koordine\r\nedilmesi ve bu kapsamda yurt i\u00e7i ve yurt d\u0131\u015f\u0131 i\u015f birli\u011fi\r\nimkanlar\u0131 yarat\u0131lmaktad\u0131r.<\/p>\r\n\r\n\r\n\r\n<figure class=\"wp-block-image size-large\"><img loading=\"lazy\" decoding=\"async\" width=\"1024\" height=\"682\" src=\"http:\/\/www.asoteknopark.com.tr\/wp-content\/uploads\/2020\/02\/reception-2507752_1920-1024x682.jpg\" alt=\"\" class=\"wp-image-1907\" srcset=\"https:\/\/asoteknopark.com.tr\/wp-content\/uploads\/2020\/02\/reception-2507752_1920-1024x682.jpg 1024w, https:\/\/asoteknopark.com.tr\/wp-content\/uploads\/2020\/02\/reception-2507752_1920-300x200.jpg 300w, https:\/\/asoteknopark.com.tr\/wp-content\/uploads\/2020\/02\/reception-2507752_1920-768x512.jpg 768w, https:\/\/asoteknopark.com.tr\/wp-content\/uploads\/2020\/02\/reception-2507752_1920-1536x1023.jpg 1536w, https:\/\/asoteknopark.com.tr\/wp-content\/uploads\/2020\/02\/reception-2507752_1920.jpg 1920w\" sizes=\"(max-width: 1024px) 100vw, 1024px\" \/><\/figure>\r\n","protected":false},"excerpt":{"rendered":"<p>4691 say\u0131l\u0131 yasa kapsam\u0131nda Teknoloji Geli\u015ftirme B\u00f6lgelerinde yer almak isteyen firmalar, ASO TEKNOPARK\u2019a ba\u015fvurabilirler&#8230;<\/p>\n","protected":false},"author":1,"featured_media":2495,"parent":0,"menu_order":0,"comment_status":"closed","ping_status":"closed","template":"","meta":{"footnotes":""},"_links":{"self":[{"href":"https:\/\/asoteknopark.com.tr\/index.php?rest_route=\/wp\/v2\/pages\/17"}],"collection":[{"href":"https:\/\/asoteknopark.com.tr\/index.php?rest_route=\/wp\/v2\/pages"}],"about":[{"href":"https:\/\/asoteknopark.com.tr\/index.php?rest_route=\/wp\/v2\/types\/page"}],"author":[{"embeddable":true,"href":"https:\/\/asoteknopark.com.tr\/index.php?rest_route=\/wp\/v2\/users\/1"}],"replies":[{"embeddable":true,"href":"https:\/\/asoteknopark.com.tr\/index.php?rest_route=%2Fwp%2Fv2%2Fcomments&post=17"}],"version-history":[{"count":12,"href":"https:\/\/asoteknopark.com.tr\/index.php?rest_route=\/wp\/v2\/pages\/17\/revisions"}],"predecessor-version":[{"id":1959,"href":"https:\/\/asoteknopark.com.tr\/index.php?rest_route=\/wp\/v2\/pages\/17\/revisions\/1959"}],"wp:featuredmedia":[{"embeddable":true,"href":"https:\/\/asoteknopark.com.tr\/index.php?rest_route=\/wp\/v2\/media\/2495"}],"wp:attachment":[{"href":"https:\/\/asoteknopark.com.tr\/index.php?rest_route=%2Fwp%2Fv2%2Fmedia&parent=17"}],"curies":[{"name":"wp","href":"https:\/\/api.w.org\/{rel}","templated":true}]}}