{"id":1864,"date":"2020-01-28T08:09:07","date_gmt":"2020-01-28T08:09:07","guid":{"rendered":"http:\/\/www.asoteknopark.com.tr\/?page_id=1864"},"modified":"2020-02-05T17:05:37","modified_gmt":"2020-02-05T17:05:37","slug":"teknoparklarda-yer-almanin-ar-ge-tasarim-merkezi-kurmaya-gore-avantajlari","status":"publish","type":"page","link":"https:\/\/asoteknopark.com.tr\/?page_id=1864","title":{"rendered":"TEKNOPARKLARDA YER ALMANIN AR-GE \/ TASARIM MERKEZ\u0130 KURMAYA G\u00d6RE AVANTAJLARI"},"content":{"rendered":"\n<p>K\u00fcresel\nekonomi i\u00e7erisinde, Ar-Ge ve inovasyon g\u00fcn\u00fcm\u00fczde rekabetin\nvazge\u00e7ilmez unsurlar\u0131ndan biri haline gelmi\u015ftir. D\u00fcnya rekabet\ns\u0131ralamas\u0131nda \u00fcst s\u0131ralarda yer alman\u0131n en \u00f6nemli unsurlar\u0131ndan\nbiri Ar-Ge te\u015fvikleri arac\u0131l\u0131\u011f\u0131yla inovasyon ve sanayinin bir\naraya getirilmesidir.<\/p>\n\n\n\n<p>4691\nsay\u0131l\u0131 yasa ile kurulan Teknoloji Geli\u015ftirme B\u00f6lgeleri (TGB) uzun\nbir d\u00f6nem boyunca Ar-Ge ve yenilik yoluyla \u00fclke ekonomisinin\nuluslararas\u0131 d\u00fczeyde rekabet edebilir bir yap\u0131ya kavu\u015fturulmas\u0131\ni\u00e7in b\u00fcy\u00fck katk\u0131lar sa\u011flam\u0131\u015ft\u0131r. 2008 y\u0131l\u0131nda \u00e7\u0131kart\u0131lan\n5746 say\u0131l\u0131 yasa ile Ar-Ge ve Tasar\u0131m faaliyetlerinin Teknoloji\nGeli\u015ftirme B\u00f6lgeleri d\u0131\u015f\u0131nda, firmalar\u0131n kendi b\u00fcnyeleri\ni\u00e7erisinde kuracaklar\u0131 Ar-Ge ve Tasar\u0131m merkezlerinde de\ny\u00fcr\u00fct\u00fclmesi imkan\u0131 sa\u011flanm\u0131\u015ft\u0131r.<\/p>\n\n\n\n<p>Ar-Ge\nve tasar\u0131m faaliyetlerinde bulunacak firmalar a\u00e7\u0131s\u0131ndan kolayl\u0131k\nsa\u011flayan bu uygulama 4691 say\u0131l\u0131 TGB\u2019lere ili\u015fkin yasa ile\nuyumlu ancak zaman zaman farkl\u0131l\u0131klar g\u00f6steren bir yap\u0131\nsergilemektedir.<\/p>\n\n\n\n<p>\nTeknoloji\nGeli\u015ftirme B\u00f6lgeleri ile firmalar\u0131n kendi b\u00fcnyeleri aras\u0131nda\nkuracaklar\u0131 Ar-Ge ve Tasar\u0131m Merkezleri aras\u0131nda Teknoparklarda\nyer almak y\u00f6n\u00fcnde \u00e7arp\u0131c\u0131 avantajlar ortaya \u00e7\u0131kmaktad\u0131r. \n<\/p>\n\n\n\n<p>Ayr\u0131ca,\nfirman\u0131n gelir ve giderlerini proje baz\u0131nda ayr\u0131\u015ft\u0131rma imkan\u0131\noldu\u011fu hallerde, gider bazl\u0131 projeleri kendi Ar-Ge \/ Tan\u0131t\u0131m\nmerkezinde, gelir bazl\u0131 projeleri ise Teknopark dahilinde\ngeli\u015ftirmesi mali a\u00e7\u0131dan daha uygun sonu\u00e7 do\u011furabilmektedir. \n<\/p>\n\n\n\n<p>Ar-Ge\n\/ Tasar\u0131m Merkezleri ile Teknoparklar\u0131n kar\u015f\u0131la\u015ft\u0131r\u0131lmas\u0131;<\/p>\n\n\n\n<figure class=\"wp-block-image size-large is-resized\"><img loading=\"lazy\" decoding=\"async\" src=\"http:\/\/www.asoteknopark.com.tr\/wp-content\/uploads\/2020\/02\/karsilastirma_3.jpg\" alt=\"\" class=\"wp-image-1949\" width=\"750\" height=\"960\" srcset=\"https:\/\/asoteknopark.com.tr\/wp-content\/uploads\/2020\/02\/karsilastirma_3.jpg 750w, https:\/\/asoteknopark.com.tr\/wp-content\/uploads\/2020\/02\/karsilastirma_3-234x300.jpg 234w\" sizes=\"(max-width: 750px) 100vw, 750px\" \/><\/figure>\n","protected":false},"excerpt":{"rendered":"<p>K\u00fcresel ekonomi i\u00e7erisinde, Ar-Ge ve inovasyon g\u00fcn\u00fcm\u00fczde rekabetin vazge\u00e7ilmez unsurlar\u0131ndan biri haline gelmi\u015ftir. D\u00fcnya rekabet s\u0131ralamas\u0131nda \u00fcst s\u0131ralarda yer alman\u0131n en \u00f6nemli unsurlar\u0131ndan biri Ar-Ge te\u015fvikleri arac\u0131l\u0131\u011f\u0131yla inovasyon ve sanayinin bir araya getirilmesidir..<\/p>\n","protected":false},"author":1,"featured_media":1652,"parent":0,"menu_order":0,"comment_status":"closed","ping_status":"closed","template":"","meta":{"footnotes":""},"_links":{"self":[{"href":"https:\/\/asoteknopark.com.tr\/index.php?rest_route=\/wp\/v2\/pages\/1864"}],"collection":[{"href":"https:\/\/asoteknopark.com.tr\/index.php?rest_route=\/wp\/v2\/pages"}],"about":[{"href":"https:\/\/asoteknopark.com.tr\/index.php?rest_route=\/wp\/v2\/types\/page"}],"author":[{"embeddable":true,"href":"https:\/\/asoteknopark.com.tr\/index.php?rest_route=\/wp\/v2\/users\/1"}],"replies":[{"embeddable":true,"href":"https:\/\/asoteknopark.com.tr\/index.php?rest_route=%2Fwp%2Fv2%2Fcomments&post=1864"}],"version-history":[{"count":5,"href":"https:\/\/asoteknopark.com.tr\/index.php?rest_route=\/wp\/v2\/pages\/1864\/revisions"}],"predecessor-version":[{"id":1950,"href":"https:\/\/asoteknopark.com.tr\/index.php?rest_route=\/wp\/v2\/pages\/1864\/revisions\/1950"}],"wp:featuredmedia":[{"embeddable":true,"href":"https:\/\/asoteknopark.com.tr\/index.php?rest_route=\/wp\/v2\/media\/1652"}],"wp:attachment":[{"href":"https:\/\/asoteknopark.com.tr\/index.php?rest_route=%2Fwp%2Fv2%2Fmedia&parent=1864"}],"curies":[{"name":"wp","href":"https:\/\/api.w.org\/{rel}","templated":true}]}}