{"id":1926,"date":"2020-02-05T15:42:49","date_gmt":"2020-02-05T15:42:49","guid":{"rendered":"http:\/\/www.asoteknopark.com.tr\/?page_id=1926"},"modified":"2020-02-13T06:54:30","modified_gmt":"2020-02-13T06:54:30","slug":"cozum-ortaklari","status":"publish","type":"page","link":"https:\/\/asoteknopark.com.tr\/?page_id=1926","title":{"rendered":"\u00c7\u00d6Z\u00dcM ORTAKLARI"},"content":{"rendered":"\n<div class=\"wp-block-image\"><figure class=\"aligncenter size-large is-resized\"><a href=\"https:\/\/www.metu.edu.tr\/tr\" target=\"_blank\" rel=\"noreferrer noopener\"><img loading=\"lazy\" decoding=\"async\" src=\"http:\/\/www.asoteknopark.com.tr\/wp-content\/uploads\/2020\/02\/odtu_logo.jpg\" alt=\"\" class=\"wp-image-1936\" width=\"213\" height=\"107\"\/><\/a><\/figure><\/div>\n\n\n\n<div class=\"wp-block-image\"><figure class=\"aligncenter size-large is-resized\"><a href=\"https:\/\/www.etu.edu.tr\/tr\" target=\"_blank\" rel=\"noreferrer noopener\"><img loading=\"lazy\" decoding=\"async\" src=\"https:\/\/www.asoteknopark.com.tr\/wp-content\/uploads\/2020\/02\/tobb_etu_logo.jpg\" alt=\"\" class=\"wp-image-1960\" width=\"270\" height=\"135\"\/><\/a><\/figure><\/div>\n\n\n\n<div class=\"wp-block-image\"><figure class=\"aligncenter size-large\"><a href=\"http:\/\/odtuteknokent.com.tr\/tr\" target=\"_blank\" rel=\"noreferrer noopener\"><img loading=\"lazy\" decoding=\"async\" width=\"300\" height=\"150\" src=\"http:\/\/www.asoteknopark.com.tr\/wp-content\/uploads\/2020\/02\/odtu_teknokent_logo.jpg\" alt=\"\" class=\"wp-image-1937\"\/><\/a><\/figure><\/div>\n\n\n\n<div class=\"wp-block-image\"><figure class=\"aligncenter size-large is-resized\"><a href=\"http:\/\/tf.metu.edu.tr\/\" target=\"_blank\" rel=\"noreferrer noopener\"><img loading=\"lazy\" decoding=\"async\" src=\"http:\/\/www.asoteknopark.com.tr\/wp-content\/uploads\/2020\/02\/odtu_tasarim_fabrikasi_logo.jpg\" alt=\"\" class=\"wp-image-1938\" width=\"257\" height=\"129\"\/><\/a><\/figure><\/div>\n\n\n\n<div class=\"wp-block-image\"><figure class=\"aligncenter size-large is-resized\"><a href=\"http:\/\/tto.metu.edu.tr\/\" target=\"_blank\" rel=\"noreferrer noopener\"><img loading=\"lazy\" decoding=\"async\" src=\"http:\/\/www.asoteknopark.com.tr\/wp-content\/uploads\/2020\/02\/odtu_tto_logo.jpg\" alt=\"\" class=\"wp-image-1939\" width=\"182\" height=\"91\"\/><\/a><\/figure><\/div>\n\n\n\n<div class=\"wp-block-image\"><figure class=\"aligncenter size-large\"><a href=\"http:\/\/odtuteknokent.com.tr\/tr\/programlar\/uluslararasilasma\" target=\"_blank\" rel=\"noreferrer noopener\"><img loading=\"lazy\" decoding=\"async\" width=\"300\" height=\"150\" src=\"http:\/\/www.asoteknopark.com.tr\/wp-content\/uploads\/2020\/02\/odtu_teknokent_pydo_logo.jpg\" alt=\"\" class=\"wp-image-1940\"\/><\/a><\/figure><\/div>\n\n\n\n<div class=\"wp-block-image\"><figure class=\"aligncenter size-large\"><a href=\"https:\/\/asotek.com.tr\/\" target=\"_blank\" rel=\"noreferrer noopener\"><img loading=\"lazy\" decoding=\"async\" width=\"300\" height=\"150\" src=\"http:\/\/www.asoteknopark.com.tr\/wp-content\/uploads\/2020\/02\/aso_teknik_koleji_logo.jpg\" alt=\"\" class=\"wp-image-1941\"\/><\/a><\/figure><\/div>\n\n\n\n<div class=\"wp-block-image\"><figure class=\"aligncenter size-large\"><a href=\"http:\/\/aso-sem.com\/\" target=\"_blank\" rel=\"noreferrer noopener\"><img loading=\"lazy\" decoding=\"async\" width=\"300\" height=\"150\" src=\"http:\/\/www.asoteknopark.com.tr\/wp-content\/uploads\/2020\/02\/aso_sem_logo.jpg\" alt=\"\" class=\"wp-image-1942\"\/><\/a><\/figure><\/div>\n\n\n\n<div class=\"wp-block-image\"><figure class=\"aligncenter size-large\"><a href=\"http:\/\/www.aosb.org.tr\/20048\/n\/turkiyenin-ilk-yetkinlik-ve-dijital-donusum-merkezi-model-fabrika-aso-1osbde-acildi\" target=\"_blank\" rel=\"noreferrer noopener\"><img loading=\"lazy\" decoding=\"async\" width=\"300\" height=\"150\" src=\"http:\/\/www.asoteknopark.com.tr\/wp-content\/uploads\/2020\/02\/aso_model_fabrika_logo.jpg\" alt=\"\" class=\"wp-image-1943\"\/><\/a><\/figure><\/div>\n","protected":false},"excerpt":{"rendered":"","protected":false},"author":1,"featured_media":1935,"parent":0,"menu_order":0,"comment_status":"closed","ping_status":"closed","template":"","meta":{"footnotes":""},"_links":{"self":[{"href":"https:\/\/asoteknopark.com.tr\/index.php?rest_route=\/wp\/v2\/pages\/1926"}],"collection":[{"href":"https:\/\/asoteknopark.com.tr\/index.php?rest_route=\/wp\/v2\/pages"}],"about":[{"href":"https:\/\/asoteknopark.com.tr\/index.php?rest_route=\/wp\/v2\/types\/page"}],"author":[{"embeddable":true,"href":"https:\/\/asoteknopark.com.tr\/index.php?rest_route=\/wp\/v2\/users\/1"}],"replies":[{"embeddable":true,"href":"https:\/\/asoteknopark.com.tr\/index.php?rest_route=%2Fwp%2Fv2%2Fcomments&post=1926"}],"version-history":[{"count":6,"href":"https:\/\/asoteknopark.com.tr\/index.php?rest_route=\/wp\/v2\/pages\/1926\/revisions"}],"predecessor-version":[{"id":1962,"href":"https:\/\/asoteknopark.com.tr\/index.php?rest_route=\/wp\/v2\/pages\/1926\/revisions\/1962"}],"wp:featuredmedia":[{"embeddable":true,"href":"https:\/\/asoteknopark.com.tr\/index.php?rest_route=\/wp\/v2\/media\/1935"}],"wp:attachment":[{"href":"https:\/\/asoteknopark.com.tr\/index.php?rest_route=%2Fwp%2Fv2%2Fmedia&parent=1926"}],"curies":[{"name":"wp","href":"https:\/\/api.w.org\/{rel}","templated":true}]}}