{"id":1984,"date":"2020-09-29T17:07:01","date_gmt":"2020-09-29T17:07:01","guid":{"rendered":"http:\/\/www.asoteknopark.com.tr\/?page_id=1984"},"modified":"2025-07-28T07:09:08","modified_gmt":"2025-07-28T07:09:08","slug":"aso-teknopark-faaliyete-gecmesinin-birinci-yilini-kutluyor","status":"publish","type":"page","link":"https:\/\/asoteknopark.com.tr\/?page_id=1984","title":{"rendered":"ASO Teknopark Firmalar\u0131ndan B\u00fcy\u00fck Ba\u015far\u0131 <br>\u0130ki firma Bili\u015fim 500 s\u0131ralamas\u0131nda yer ald\u0131."},"content":{"rendered":"\r\n<p>Bu y\u0131l 25incisi ger\u00e7ekle\u015ftirilen \u2018\u2019Bili\u015fim 500 \u2013 \u0130LK BE\u015eY\u00dcZ B\u0130L\u0130\u015e\u0130M \u015e\u0130RKET\u0130 Ara\u015ft\u0131rmas\u0131\u2019\u2019 T\u00fcrkiye\u2019nin en b\u00fcy\u00fck bili\u015fim \u015firketlerini s\u0131ralam\u0131\u015f ve b\u00f6ylece bili\u015fim sanayimizin lokomotifi firmalar\u0131n\u0131 belirlemi\u015ftir. Ara\u015ft\u0131rma sonu\u00e7lar\u0131, sekt\u00f6r\u00fcn en \u00f6nemli ve tek aynas\u0131 olarak alg\u0131lanmakta, bili\u015fim \u015firketlerinin yan\u0131 s\u0131ra kamu ve \u00f6zel sekt\u00f6r al\u0131mlar\u0131nda bir referans olarak kullan\u0131lmaktad\u0131r. <\/p>\r\n\r\n\r\n\r\n<p>Ankara Sanayi Odas\u0131 b\u00fcnyesindeki ASO Teknopark\u2019ta faaliyet g\u00f6steren firmalar\u0131m\u0131z g\u00f6\u011fs\u00fcm\u00fcz\u00fc kabartmaya devam ediyor. \r\nListedeki ASO Teknopark \u015firketlerimizin say\u0131s\u0131 bu y\u0131l 2\u2019ye \u00e7\u0131kt\u0131.  <\/p>\r\n\r\n\r\n\r\n<p>Ge\u00e7en y\u0131l listede yer almayan Deeptech bu sene listeye 87. s\u0131radan giri\u015f yapt\u0131 ve 422\u2019nci s\u0131rada bulunan ERY Bili\u015fim 363. s\u0131raya y\u00fckseldi.  <\/p>\r\n\r\n\r\n\r\n<p><strong>Deeptech Firmas\u0131 yapay zeka kategorisinde 1. s\u0131rada yer ald\u0131.<\/strong> Yerli ve milli teknolojilerle bilgisayar yaz\u0131l\u0131mlar\u0131 ve bili\u015fim sanayimizin gururu olan firmalar\u0131m\u0131z\u0131 tebrik eder, ba\u015far\u0131lar\u0131n\u0131n devam\u0131n\u0131 dileriz.  <\/p>\r\n\r\n\r\n\r\n<p>Bili\u015fm 500&#8217;de farkl\u0131 kategorilerde her iki firma di\u011fer listelerde bulunmaktad\u0131r.\r\nDeeptech\r\n\u2022\tT\u00fcrkiye Merkezli \u00dcretici kategorisinde: 36\u2019nc\u0131 s\u0131rada<br>\r\n\u2022\tT\u00fcrkiye Merkezli \u00dcretici \u2013 Yaz\u0131l\u0131m kategorisinde: 13\u2019\u00fcnc\u00fc s\u0131rada<br>\r\n\u2022\tT\u00fcrkiye Merkezli \u00dcretici \u2013 Hizmet kategorisinde: 82\u2019nci s\u0131rada<br>\r\n\u2022\tT\u00fcrkiye Merkezli \u00dcretici &#8211; Yaz\u0131l\u0131m &#8211; Sekt\u00f6rel Yaz\u0131l\u0131m kategorisinde: 9\u2019uncu s\u0131rada<br>\r\n\u2022\tBili\u015fim 500 Plus &#8211; AR-GE kategorisinde: 7\u2019inci s\u0131rada<br>\r\n\u2022\tBili\u015fim 500 Plus &#8211; Sekt\u00f6rel Yaz\u0131l\u0131m \u2013 Sa\u011fl\u0131k kategorisinde: 2\u2019inci s\u0131rada<br>\r\n\u2022\tBili\u015fim 500 Plus &#8211; Sekt\u00f6rel Yaz\u0131l\u0131m \u2013 Savunma kategorisinde: 3\u2019\u00fcnc\u00fc s\u0131rada<br>\r\n\u2022\tBili\u015fim 500 Plus- Yapay Zeka kategorisinde: 1\u2019inci s\u0131rada<br>\r\n\u2022\tAnkara \u00f6zelinde: 14\u2019\u00fcnc\u00fc s\u0131rada <\/p><br>\r\n\r\n\r\n\r\n<p>Bili\u015fm 500&#8217;de farkl\u0131 kategorilerde her iki firma di\u011fer listelerde bulunmaktad\u0131r.\r\nERY\r\n\u2022\tSistem entegrat\u00f6r\u00fc ve i\u015f orta\u011f\u0131 130&#8242; uncu s\u0131rada<br>\r\n\u2022\tSistem entegrat\u00f6r\u00fc ve i\u015f orta\u011f\u0131 donan\u0131m 121&#8217;inci s\u0131rada<br>\r\n\u2022\tSistem entegrat\u00f6r\u00fc ve i\u015f orta\u011f\u0131 yaz\u0131l\u0131m 111&#8217;inci s\u0131rada<br>\r\n\u2022\tSistem entegrat\u00f6r\u00fc ve i\u015f orta\u011f\u0131 Hizmet 79&#8217;uncu s\u0131rada<br>\r\n\u2022\tSistem entegrat\u00f6r\u00fc ve i\u015f orta\u011f\u0131 Hizmet- D\u0131\u015f kaynak kullan\u0131m hizmeti 10&#8217;uncu s\u0131rada<br>\r\n\u2022\t\u0130lk 500. bili\u015fim \u015firketinde 363&#8217;\u00fcnc\u00fc s\u0131rada <\/p><br>\r\n\u2022\tAnkara \u00f6zelinde: 65\u2019inci s\u0131rada <\/p><br>\r\n\r\n\r\n<div class=\"col-md-12\">\r\n    <div class=\"row\">\r\n\r\n<div class=\"col-md-3\">\r\n    <a style=\"margin:0; padding:0\" href=\"https:\/\/www.deeptechsbt.com\/\"><img decoding=\"async\" style=\"border:1px solid #ccc;\" src=\"https:\/\/asoteknopark.com.tr\/wp-content\/uploads\/2024\/07\/deeptech.png\"\/> \r\n    <p style=\"text-align:center; font-weight:bold\">DEEPTECH UN\u0130VERSE SAVUNMA VE B\u0130L\u0130\u015e\u0130M TEKNOLOJ\u0130LER\u0130<\/p>\r\n    <\/div> \r\n\r\n<div class=\"col-md-3\">\r\n    <a style=\"margin:0; padding:0\" href=\"https:\/\/www.erybilisim.com\/\"><img decoding=\"async\" style=\"border:1px solid #ccc;\" src=\"https:\/\/asoteknopark.com.tr\/wp-content\/uploads\/2024\/07\/ery.png\"\/> \r\n    <p style=\"text-align:center; font-weight:bold\">ERY B\u0130L\u0130\u015e\u0130M LTD.\u015eT\u0130.<\/p>\r\n    <\/div> \r\n\r\n\r\n","protected":false},"excerpt":{"rendered":"<p>Bu y\u0131l 25incisi ger\u00e7ekle\u015ftirilen \u2018\u2019Bili\u015fim 500 \u2013 \u0130LK BE\u015eY\u00dcZ B\u0130L\u0130\u015e\u0130M \u015e\u0130RKET\u0130 Ara\u015ft\u0131rmas\u0131\u2019\u2019 T\u00fcrkiye\u2019nin en b\u00fcy\u00fck bili\u015fim \u015firketlerini s\u0131ralam\u0131\u015f ve b\u00f6ylece bili\u015fim sanayimizin lokomotifi firmalar\u0131n\u0131 belirlemi\u015ftir. Ara\u015ft\u0131rma sonu\u00e7lar\u0131, sekt\u00f6r\u00fcn en \u00f6nemli &#8230;<\/p>\n","protected":false},"author":1,"featured_media":2266,"parent":0,"menu_order":0,"comment_status":"closed","ping_status":"closed","template":"","meta":{"footnotes":""},"_links":{"self":[{"href":"https:\/\/asoteknopark.com.tr\/index.php?rest_route=\/wp\/v2\/pages\/1984"}],"collection":[{"href":"https:\/\/asoteknopark.com.tr\/index.php?rest_route=\/wp\/v2\/pages"}],"about":[{"href":"https:\/\/asoteknopark.com.tr\/index.php?rest_route=\/wp\/v2\/types\/page"}],"author":[{"embeddable":true,"href":"https:\/\/asoteknopark.com.tr\/index.php?rest_route=\/wp\/v2\/users\/1"}],"replies":[{"embeddable":true,"href":"https:\/\/asoteknopark.com.tr\/index.php?rest_route=%2Fwp%2Fv2%2Fcomments&post=1984"}],"version-history":[{"count":18,"href":"https:\/\/asoteknopark.com.tr\/index.php?rest_route=\/wp\/v2\/pages\/1984\/revisions"}],"predecessor-version":[{"id":2469,"href":"https:\/\/asoteknopark.com.tr\/index.php?rest_route=\/wp\/v2\/pages\/1984\/revisions\/2469"}],"wp:featuredmedia":[{"embeddable":true,"href":"https:\/\/asoteknopark.com.tr\/index.php?rest_route=\/wp\/v2\/media\/2266"}],"wp:attachment":[{"href":"https:\/\/asoteknopark.com.tr\/index.php?rest_route=%2Fwp%2Fv2%2Fmedia&parent=1984"}],"curies":[{"name":"wp","href":"https:\/\/api.w.org\/{rel}","templated":true}]}}