{"id":2019,"date":"2023-05-17T20:27:31","date_gmt":"2023-05-17T20:27:31","guid":{"rendered":"http:\/\/www.asoteknopark.com.tr\/?page_id=2019"},"modified":"2024-06-27T21:17:30","modified_gmt":"2024-06-27T21:17:30","slug":"genel-mudur","status":"publish","type":"page","link":"https:\/\/asoteknopark.com.tr\/?page_id=2019","title":{"rendered":"GENEL M\u00dcD\u00dcR"},"content":{"rendered":"<p><img decoding=\"async\" src=\"https:\/\/www.aso.org.tr\/uploads\/1\/ui\/47-02_05_20-85083890794.jpg\" alt=\"Prof. Dr. Mehmet CANSIZ\" \/><\/p>\n<p><strong>Prof. Dr. Mehmet CANSIZ<\/strong><\/p>\n<p>1975 y\u0131l\u0131nda \u0130stanbul\u2019da do\u011fdu. \u0130lkokulu Erzincan, ortaokul ve liseyi Antalya\u2019da tamamlad\u0131. 2000 y\u0131l\u0131nda Hacettepe \u00dcniversitesi Edebiyat Fak\u00fcltesi Sosyoloji b\u00f6l\u00fcm\u00fcnden mezun oldu. Y\u00fcksek lisans ve doktora \u00e7al\u0131\u015fmalar\u0131n\u0131 da ayn\u0131 b\u00f6l\u00fcmde tamamlad\u0131.<\/p>\n<p>2001 y\u0131l\u0131nda Devlet Planlama Te\u015fkilat\u0131nda (DPT) uzman yard\u0131mc\u0131s\u0131 olarak g\u00f6reve ba\u015flad\u0131. Sonra DPT\u2019nin d\u00f6n\u00fc\u015ft\u00fcr\u00fclmesiyle olu\u015fturulan Kalk\u0131nma Bakanl\u0131\u011f\u0131nda Planlama Uzman\u0131, Cumhurba\u015fkanl\u0131\u011f\u0131 Strateji B\u00fct\u00e7e Ba\u015fkanl\u0131\u011f\u0131nda ise Strateji ve B\u00fct\u00e7e Uzman\u0131 olarak g\u00f6rev yapt\u0131. Bu s\u00fcre\u00e7te Devlet Denetleme Kurulunda m\u00fcfetti\u015f ve Sanayi ve Teknoloji Bakanl\u0131\u011f\u0131nda iki d\u00f6nem Bakan dan\u0131\u015fman\u0131 g\u00f6revlerinde bulundu.<\/p>\n<p>2018 y\u0131l\u0131nda \u00dcAK\u2019dan Do\u00e7entlik \u00fcnvan\u0131n\u0131 ald\u0131. 2019 y\u0131l\u0131nda ise Birle\u015fmi\u015f Milletler Kalk\u0131nma Program\u0131nda (UNDP) k\u0131demli dan\u0131\u015fmanl\u0131k g\u00f6revi yapt\u0131. Sanayi, Ar-Ge, giri\u015fimcilik, KOB\u0130\u2019ler ve yenilik\u00e7ilik konular\u0131nda uzmanla\u015farak teknokratl\u0131k yapan Mehmet Cans\u0131z, Organize Sanayi B\u00f6lgeleri, Teknoloji Geli\u015ftirme B\u00f6lgeleri (Teknopark), K\u00fc\u00e7\u00fck Sanayi Sitesi, End\u00fcstri B\u00f6lgeleri ile giri\u015fimcilik, yenilik\u00e7ilik, sanayi ve teknoloji alanlar\u0131nda kamu yat\u0131r\u0131m b\u00fct\u00e7esini, plan ve programlar\u0131n\u0131 haz\u0131rlama konusunda g\u00f6revleri yerine getirdi.<\/p>\n<p>G\u00f6rev alanlar\u0131nda Kalk\u0131nma Planlar\u0131 haz\u0131rlanmas\u0131na katk\u0131 sa\u011flayan \u201c\u00d6zel \u0130htisas Komisyonlar\u0131n\u0131n\u201d olu\u015fumu ve y\u00f6netilmesinde koordinat\u00f6r olarak g\u00f6rev yapt\u0131. Di\u011fer taraftan AB \u00fcyelik m\u00fczakereleri, OECD komite toplant\u0131lar\u0131, UNDP ve D\u00fcnya Bankas\u0131 proje \u00e7al\u0131\u015fmalar\u0131 kapsam\u0131nda uluslararas\u0131 \u00e7al\u0131\u015fmalarda g\u00f6rev ald\u0131.<\/p>\n<p>Teknoloji Geli\u015ftirme B\u00f6lgeleri Kurul \u00fcyesi, T\u00dcB\u0130TAK Giri\u015fimcilik, TTO, Giri\u015fim Sermayesi, Sosyal Ara\u015ft\u0131rmalar konular\u0131nda \u00e7e\u015fitli komisyon \u00fcyeliklerinde g\u00f6rev yapt\u0131. Ayr\u0131ca y\u0131llarca KOSGEB \u0130cra Komitesi, Sanayi, Giri\u015fimcilik, KOB\u0130 Stratejilerinin uygulanmas\u0131ndan sorumlu komitelerde M\u00fcste\u015farlara dan\u0131\u015fmanl\u0131k yapt\u0131.<\/p>\n<p>2010 Y\u0131l\u0131ndan itibaren Hacettepe \u00dcniversitesi End\u00fcstri M\u00fchendisli\u011fi ve Fen Bilimleri Enstit\u00fcs\u00fcnde ve Ankara Sosyal Bilimler \u00dcniversitesinde, Giri\u015fimcilik ve Teknoloji Y\u00f6netimi ile Dijital d\u00f6n\u00fc\u015f\u00fcm dersleri veren Mehmet Cans\u0131z, t\u00fcm akademik \u00e7al\u0131\u015fmalar\u0131n\u0131 Ar-Ge, yenilik, giri\u015fimcilik, organize sanayi b\u00f6lgeleri ve teknoloji b\u00f6lgeleri \u00fczerine yapt\u0131.<\/p>\n<p>A\u011fustos 2021 y\u0131l\u0131nda Nev\u015fehir Hac\u0131 Bekta\u015f Veli \u00dcniversitesi Edebiyat Fak\u00fcltesi Sosyoloji B\u00f6l\u00fcm\u00fcne Do\u00e7ent olarak atanm\u0131\u015ft\u0131r. Burada Rekt\u00f6r Dan\u0131\u015fmanl\u0131\u011f\u0131, Turizm Ara\u015ft\u0131rmalar\u0131 Enstit\u00fc M\u00fcd\u00fcrl\u00fc\u011f\u00fc, Fen Edebiyat Fak\u00fcltesi Dekan Yard\u0131mc\u0131l\u0131\u011f\u0131 ile Do\u011fal ve K\u00fclt\u00fcrel Miras \u0130htisasla\u015fma Koordinat\u00f6r\u00fc olarak g\u00f6rev yapt\u0131.<\/p>\n<p>Dr. Mehmet Cans\u0131z, 14.06.2023 tarihinde Nev\u015fehir Hac\u0131 Bekta\u015f Veli \u00dcniversitesinden g\u00f6revlendirilerek, Ankara Sanayi Odas\u0131nda Genel Sekreter olarak g\u00f6reve ba\u015flad\u0131. 05.10.2023 tarihinde profes\u00f6r olarak atand\u0131.<\/p>\n<p>26.03.2024 tarihinde yap\u0131lan ASO Teknopark A.\u015e. Ola\u011fan Genel Kurulu&#8217;nda Odam\u0131z Genel Sekreteri Prof. Dr. Mehmet Cans\u0131z ASO Teknopark A.\u015e. Y\u00f6netim Kurulu \u00dcyesi ve Genel M\u00fcd\u00fcr\u00fc olarak atand\u0131.<\/p>\n","protected":false},"excerpt":{"rendered":"<p>Prof. Dr. Mehmet CANSIZ 1975 y\u0131l\u0131nda \u0130stanbul\u2019da do\u011fdu. \u0130lkokulu Erzincan, ortaokul ve liseyi Antalya\u2019da tamamlad\u0131. 2000 y\u0131l\u0131nda Hacettepe \u00dcniversitesi Edebiyat Fak\u00fcltesi Sosyoloji b\u00f6l\u00fcm\u00fcnden mezun oldu. Y\u00fcksek lisans ve doktora \u00e7al\u0131\u015fmalar\u0131n\u0131 &#8230;<\/p>\n","protected":false},"author":1,"featured_media":0,"parent":1582,"menu_order":0,"comment_status":"closed","ping_status":"closed","template":"","meta":{"footnotes":""},"_links":{"self":[{"href":"https:\/\/asoteknopark.com.tr\/index.php?rest_route=\/wp\/v2\/pages\/2019"}],"collection":[{"href":"https:\/\/asoteknopark.com.tr\/index.php?rest_route=\/wp\/v2\/pages"}],"about":[{"href":"https:\/\/asoteknopark.com.tr\/index.php?rest_route=\/wp\/v2\/types\/page"}],"author":[{"embeddable":true,"href":"https:\/\/asoteknopark.com.tr\/index.php?rest_route=\/wp\/v2\/users\/1"}],"replies":[{"embeddable":true,"href":"https:\/\/asoteknopark.com.tr\/index.php?rest_route=%2Fwp%2Fv2%2Fcomments&post=2019"}],"version-history":[{"count":4,"href":"https:\/\/asoteknopark.com.tr\/index.php?rest_route=\/wp\/v2\/pages\/2019\/revisions"}],"predecessor-version":[{"id":2076,"href":"https:\/\/asoteknopark.com.tr\/index.php?rest_route=\/wp\/v2\/pages\/2019\/revisions\/2076"}],"up":[{"embeddable":true,"href":"https:\/\/asoteknopark.com.tr\/index.php?rest_route=\/wp\/v2\/pages\/1582"}],"wp:attachment":[{"href":"https:\/\/asoteknopark.com.tr\/index.php?rest_route=%2Fwp%2Fv2%2Fmedia&parent=2019"}],"curies":[{"name":"wp","href":"https:\/\/api.w.org\/{rel}","templated":true}]}}